{"id":8732,"date":"2022-11-09T21:08:37","date_gmt":"2022-11-09T20:08:37","guid":{"rendered":"https:\/\/www.pieps.com\/product\/art-station\/"},"modified":"2026-04-28T12:27:12","modified_gmt":"2026-04-28T10:27:12","slug":"art-station","status":"publish","type":"product","link":"https:\/\/www.pieps.com\/fr\/produit\/art-station\/","title":{"rendered":"ART STATION"},"content":{"rendered":"<div class=\"l-container\">\n<p><\/p>\n<\/div><!--CORE: l-container-->\n\n<div class=\"l-container\"><div class=\"l-gutenberg-block \">\n<div id=\"text-block_d93abb2154189fd76f9b85ee315a62b0\" class=\"c-text  \">\n\n  <div class=\"c-text__title\">\n          <h1 class=\"\">STATION AVALANCHE RESCUE TRAINING (ART)<\/h1>      <\/div>\n\n  <div class=\"c-text__content\">\n    <div class=\"c-text__text c-wysiwyg\">\n          <\/div>\n\n      <\/div>\n<\/div>\n<\/div><\/div>\n\n<div class=\"l-container\"><div class=\"l-gutenberg-block \"><section id=\"product-tabs-block_37b2edad5cea3961aa895fe3d438e296\" class=\"c-product-tabs \">\n      <div class=\"c-single-product__tabs\">\n      <div class=\"c-single-product__tab-titles\">\n                            <div class=\"c-single-product__tab-title js-single-product__tab-title is-active\" data-index=\"0\">\n            ART Station          <\/div>\n                            <div class=\"c-single-product__tab-title js-single-product__tab-title \" data-index=\"1\">\n            D\u00e9tails          <\/div>\n              <\/div>\n\n      <div class=\"c-single-product__tab-contents\">\n                            <div class=\"c-single-product__tab-content is-active\" data-index=\"0\">\n            <div class=\"l-row\">\n\n\n                                                <div class=\"l-col l-col-6 l-col-m-12 u-margin-bottom-m-30 c-wysiwyg\"><ul>\n<li><strong><span class=\"uppercase-emphasis\">VOTRE CONTRIBUTION \u00c0 UNE PRATIQUE PLUS S\u00dbRE DU FREERIDE &amp; DU SKI DE RANDONN\u00c9E<\/span><\/strong><br \/>\nLa s\u00e9curit\u00e9 hors-piste commence par un entra\u00eenement adapt\u00e9. Le champ de recherche PIEPS permet d\u2019atteindre les objectifs souhait\u00e9s gr\u00e2ce \u00e0 un entra\u00eenement rapide, efficace et ludique.<\/li>\n<\/ul>\n<p>&nbsp;<\/p>\n<ul>\n<li><strong><span class=\"uppercase-emphasis\">FAIBLE BESOIN DE MAINTENANCE<\/span><\/strong><br \/>\nLa PIEPS ART STATION est disponible en version c\u00e2bl\u00e9e, sur batterie ou \u00e9cologique avec alimentation photovolta\u00efque. Chaque version offre des performances optimales pendant toute la saison, sans entretien.<\/li>\n<\/ul>\n<p>&nbsp;<\/p>\n<ul>\n<li><strong><span class=\"uppercase-emphasis\">CHAMP D\u2019ENTRA\u00ceNEMENT AUTONOME POUR UNE PR\u00c9PARATION OPTIMALE DES PRATIQUANTS FREERIDE &amp; SKI DE RANDONN\u00c9E<\/span><\/strong><br \/>\nLa PIEPS ART STATION est op\u00e9rationnelle 24h\/24 et 7j\/7 sans encadrement suppl\u00e9mentaire et permet aux utilisateurs de s\u2019entra\u00eener \u00e0 diff\u00e9rents sc\u00e9narios, via le module de commande ou un smartphone.<\/li>\n<\/ul>\n<\/div>\n                \n                                  <div class=\"l-col l-col-6 l-col-m-12 c-wysiwyg\"><h3 class=\"product-content-title\"><\/h3>\n<p class=\"product-content-title\"><img decoding=\"async\" src=\"https:\/\/www.pieps.com\/sites\/default\/files\/setting_option_web.png\" alt=\"\" \/><br \/>\n<strong>OPTIONS DE R\u00c9GLAGE<br \/>\n<\/strong>pour diff\u00e9rents sc\u00e9narios d\u2019accident.<\/p>\n<p>&nbsp;<\/p>\n<p class=\"product-content-title\"><img decoding=\"async\" src=\"https:\/\/www.pieps.com\/sites\/default\/files\/winterproof_web.png\" alt=\"\" \/><br \/>\n<strong>R\u00c9SISTANT \u00c0 L\u2019HIVER<br \/>\n<\/strong>peut rester enterr\u00e9 tout l\u2019hiver sur le terrain d\u2019entra\u00eenement.<\/p>\n<p>&nbsp;<\/p>\n<p class=\"product-content-title\"><img decoding=\"async\" src=\"https:\/\/www.pieps.com\/sites\/default\/files\/bluetooth_2.jpg\" alt=\"\" \/><br \/>\n<strong>UTILISATION INTUITIVE<br \/>\n<\/strong>via le module de commande ou l\u2019application PIEPS.<\/p>\n<\/div>\n                                          <\/div>\n          <\/div>\n                            <div class=\"c-single-product__tab-content \" data-index=\"1\">\n            <div class=\"l-row\">\n\n\n                                                <div class=\"l-col l-col-6 l-col-m-12 u-margin-bottom-m-30 c-wysiwyg\"><p><strong><span class=\"large-font-emphasis\">OUTIL D\u2019ENTRA\u00ceNEMENT PIEPS<\/span><\/strong><\/p>\n<ul>\n<li>Diff\u00e9rentes options d\u2019alimentation : batterie, c\u00e2ble, photovolta\u00efque<\/li>\n<li>Installation sans entretien<\/li>\n<li>Utilisation 24h\/24 et 7j\/7 sans encadrement<\/li>\n<\/ul>\n<p>&nbsp;<\/p>\n<ul>\n<li>Contenu de la livraison : 1x module de commande, 4x bo\u00eetiers \u00e9metteurs \u2013 extensible jusqu\u2019\u00e0 12 bo\u00eetiers \u00e9metteurs, 4x tapis d\u2019entra\u00eenement<\/li>\n<li>En option : 4x drapeaux PIEPS et 100 m de ruban de d\u00e9limitation pour le terrain d\u2019entra\u00eenement<\/li>\n<\/ul>\n<\/div>\n                \n                                  <div class=\"l-col l-col-6 l-col-m-12 c-wysiwyg\"><p><strong><span class=\"large-font-emphasis\">BO\u00ceTIER \u00c9METTEUR PIEPS<\/span><\/strong><\/p>\n<ul>\n<li>Fonctionne sur batterie<\/li>\n<li>Dimensions (LxLxH) : 24x16x6 cm<\/li>\n<li>Alimentation : 4x alcalines LR20<\/li>\n<\/ul>\n<\/div>\n                                          <\/div>\n          <\/div>\n              <\/div>\n    <\/div>\n    <\/section><\/div><\/div>","protected":false},"excerpt":{"rendered":"<p class=\"product-content-title\">LE CHAMP D\u2019ENTRA\u00ceNEMENT PIEPS POUR VOTRE COMMUNAUT\u00c9 FREERIDE &amp; SKI DE RANDONN\u00c9E<\/p>\n","protected":false},"featured_media":8735,"comment_status":"open","ping_status":"closed","template":"","meta":{"_acf_changed":true,"inline_featured_image":false},"product_brand":[],"product_cat":[953],"product_tag":[],"class_list":{"0":"post-8732","1":"product","2":"type-product","3":"status-publish","4":"has-post-thumbnail","6":"product_cat-formation","8":"first","9":"instock","10":"taxable","11":"shipping-taxable","12":"product-type-simple"},"acf":[],"_links":{"self":[{"href":"https:\/\/www.pieps.com\/fr\/wp-json\/wp\/v2\/product\/8732","targetHints":{"allow":["GET"]}}],"collection":[{"href":"https:\/\/www.pieps.com\/fr\/wp-json\/wp\/v2\/product"}],"about":[{"href":"https:\/\/www.pieps.com\/fr\/wp-json\/wp\/v2\/types\/product"}],"replies":[{"embeddable":true,"href":"https:\/\/www.pieps.com\/fr\/wp-json\/wp\/v2\/comments?post=8732"}],"wp:featuredmedia":[{"embeddable":true,"href":"https:\/\/www.pieps.com\/fr\/wp-json\/wp\/v2\/media\/8735"}],"wp:attachment":[{"href":"https:\/\/www.pieps.com\/fr\/wp-json\/wp\/v2\/media?parent=8732"}],"wp:term":[{"taxonomy":"product_brand","embeddable":true,"href":"https:\/\/www.pieps.com\/fr\/wp-json\/wp\/v2\/product_brand?post=8732"},{"taxonomy":"product_cat","embeddable":true,"href":"https:\/\/www.pieps.com\/fr\/wp-json\/wp\/v2\/product_cat?post=8732"},{"taxonomy":"product_tag","embeddable":true,"href":"https:\/\/www.pieps.com\/fr\/wp-json\/wp\/v2\/product_tag?post=8732"}],"curies":[{"name":"wp","href":"https:\/\/api.w.org\/{rel}","templated":true}]}}