{"id":8728,"date":"2022-11-09T21:15:39","date_gmt":"2022-11-09T20:15:39","guid":{"rendered":"https:\/\/www.pieps.com\/product\/art-mobile\/"},"modified":"2026-04-28T12:19:35","modified_gmt":"2026-04-28T10:19:35","slug":"art-mobile","status":"publish","type":"product","link":"https:\/\/www.pieps.com\/fr\/produit\/art-mobile\/","title":{"rendered":"ART MOBILE"},"content":{"rendered":"<div class=\"l-container\">\n<p><\/p>\n<\/div><!--CORE: l-container-->\n\n<div class=\"l-container\"><div class=\"l-gutenberg-block \">\n<div id=\"text-block_80ded59201f3111fc3fff36a37a90ce9\" class=\"c-text  \">\n\n  <div class=\"c-text__title\">\n          <h1 class=\"\">Avalanche Rescue Training (ART) Mobile<\/h1>      <\/div>\n\n  <div class=\"c-text__content\">\n    <div class=\"c-text__text c-wysiwyg\">\n          <\/div>\n\n      <\/div>\n<\/div>\n<\/div><\/div>\n\n<div class=\"l-container\"><div class=\"l-gutenberg-block \"><section id=\"product-tabs-block_be5c9aa381b15959fce136626ccbff2e\" class=\"c-product-tabs \">\n      <div class=\"c-single-product__tabs\">\n      <div class=\"c-single-product__tab-titles\">\n                            <div class=\"c-single-product__tab-title js-single-product__tab-title is-active\" data-index=\"0\">\n            ART MOBILE          <\/div>\n              <\/div>\n\n      <div class=\"c-single-product__tab-contents\">\n                            <div class=\"c-single-product__tab-content is-active\" data-index=\"0\">\n            <div class=\"l-row\">\n\n\n                                                <div class=\"l-col l-col-6 l-col-m-12 u-margin-bottom-m-30 c-wysiwyg\"><p><strong><span class=\"large-font-emphasis\">OUTIL D\u2019ENTRA\u00ceNEMENT PIEPS<\/span><\/strong><\/p>\n<ul>\n<li>Autonomie de la batterie pour une saison<\/li>\n<li>Indication automatique de d\u00e9tection (acoustique et visuelle)<\/li>\n<li>Chaque antenne d\u2019\u00e9mission peut \u00eatre command\u00e9e individuellement<\/li>\n<li>Chronom\u00e8tre<\/li>\n<li>Utilisation possible avec des gants<\/li>\n<\/ul>\n<p>&nbsp;<\/p>\n<p>&nbsp;<\/p>\n<p><strong><span class=\"large-font-emphasis\">BO\u00ceTIER \u00c9METTEUR PIEPS<\/span><\/strong><\/p>\n<ul>\n<li>Incl. plaques capteurs en fibre de verre<\/li>\n<li>Fonctionne sur batterie<\/li>\n<li>Dimensions (LxLxH) : 24x16x6 cm<\/li>\n<li>Alimentation : 4x alcalines LR20<\/li>\n<\/ul>\n<\/div>\n                \n                                  <div class=\"l-col l-col-6 l-col-m-12 c-wysiwyg\"><p class=\"product-content-title\"><img decoding=\"async\" src=\"https:\/\/www.pieps.com\/sites\/default\/files\/setting_option_web.png\" alt=\"\" \/><br \/>\n<strong>OPTIONS DE R\u00c9GLAGE<br \/>\n<\/strong>pour diff\u00e9rents sc\u00e9narios d\u2019accident.<\/p>\n<p>&nbsp;<\/p>\n<p class=\"product-content-title\"><img decoding=\"async\" src=\"https:\/\/www.pieps.com\/sites\/default\/files\/winterproof_web.png\" alt=\"\" \/><br \/>\n<strong>R\u00c9SISTANT \u00c0 L\u2019HIVER<br \/>\n<\/strong>peut rester enterr\u00e9 tout l\u2019hiver sur le terrain d\u2019entra\u00eenement.<\/p>\n<p>&nbsp;<\/p>\n<p class=\"product-content-title\"><img decoding=\"async\" src=\"https:\/\/www.pieps.com\/sites\/default\/files\/bluetooth_2.jpg\" alt=\"\" \/><br \/>\n<strong>GESTION SANS FIL DES APPAREILS<\/strong><\/p>\n<p>avec Bluetooth et l\u2019application PIEPS.<\/p>\n<\/div>\n                                          <\/div>\n          <\/div>\n              <\/div>\n    <\/div>\n    <\/section><\/div><\/div>","protected":false},"excerpt":{"rendered":"<p class=\"product-content-title\">La PIEPS ART MOBILE est une installation d\u2019entra\u00eenement mobile permettant de s\u2019exercer \u00e0 l\u2019utilisation de l\u2019\u00e9quipement de secours avalanche recommand\u00e9 (DVA PIEPS, sonde et pelle) dans des conditions r\u00e9alistes.<\/p>\n","protected":false},"featured_media":8729,"comment_status":"open","ping_status":"closed","template":"","meta":{"_acf_changed":true,"inline_featured_image":false},"product_brand":[],"product_cat":[953],"product_tag":[],"class_list":{"0":"post-8728","1":"product","2":"type-product","3":"status-publish","4":"has-post-thumbnail","6":"product_cat-formation","8":"first","9":"instock","10":"taxable","11":"shipping-taxable","12":"product-type-simple"},"acf":[],"_links":{"self":[{"href":"https:\/\/www.pieps.com\/fr\/wp-json\/wp\/v2\/product\/8728","targetHints":{"allow":["GET"]}}],"collection":[{"href":"https:\/\/www.pieps.com\/fr\/wp-json\/wp\/v2\/product"}],"about":[{"href":"https:\/\/www.pieps.com\/fr\/wp-json\/wp\/v2\/types\/product"}],"replies":[{"embeddable":true,"href":"https:\/\/www.pieps.com\/fr\/wp-json\/wp\/v2\/comments?post=8728"}],"wp:featuredmedia":[{"embeddable":true,"href":"https:\/\/www.pieps.com\/fr\/wp-json\/wp\/v2\/media\/8729"}],"wp:attachment":[{"href":"https:\/\/www.pieps.com\/fr\/wp-json\/wp\/v2\/media?parent=8728"}],"wp:term":[{"taxonomy":"product_brand","embeddable":true,"href":"https:\/\/www.pieps.com\/fr\/wp-json\/wp\/v2\/product_brand?post=8728"},{"taxonomy":"product_cat","embeddable":true,"href":"https:\/\/www.pieps.com\/fr\/wp-json\/wp\/v2\/product_cat?post=8728"},{"taxonomy":"product_tag","embeddable":true,"href":"https:\/\/www.pieps.com\/fr\/wp-json\/wp\/v2\/product_tag?post=8728"}],"curies":[{"name":"wp","href":"https:\/\/api.w.org\/{rel}","templated":true}]}}