{"id":8675,"date":"2022-11-08T09:31:02","date_gmt":"2022-11-08T08:31:02","guid":{"rendered":"https:\/\/www.pieps.com\/product\/first-aid\/"},"modified":"2026-04-22T15:01:44","modified_gmt":"2026-04-22T13:01:44","slug":"first-aid","status":"publish","type":"product","link":"https:\/\/www.pieps.com\/fr\/produit\/first-aid\/","title":{"rendered":"FIRST-AID PRO"},"content":{"rendered":"<div class=\"l-container\"><div class=\"l-gutenberg-block \">\n<div id=\"text-block_5efb57212f6a13ffe6786f0800881f7d\" class=\"c-text  \">\n\n  <div class=\"c-text__title\">\n      <\/div>\n\n  <div class=\"c-text__content\">\n    <div class=\"c-text__text c-wysiwyg\">\n      <p><img loading=\"lazy\" decoding=\"async\" class=\"alignnone size-full wp-image-1645\" src=\"https:\/\/www.pieps.com\/wp-content\/uploads\/2022\/11\/hangtag_firstaid_120529-kopie-5.png\" alt=\"\" width=\"626\" height=\"153\" srcset=\"https:\/\/www.pieps.com\/wp-content\/uploads\/2022\/11\/hangtag_firstaid_120529-kopie-5.png 626w, https:\/\/www.pieps.com\/wp-content\/uploads\/2022\/11\/hangtag_firstaid_120529-kopie-5-300x73.png 300w, https:\/\/www.pieps.com\/wp-content\/uploads\/2022\/11\/hangtag_firstaid_120529-kopie-5-400x98.png 400w, https:\/\/www.pieps.com\/wp-content\/uploads\/2022\/11\/hangtag_firstaid_120529-kopie-5-600x147.png 600w\" sizes=\"auto, (max-width: 626px) 100vw, 626px\" \/><\/p>\n<ol>\n<li>Grande poign\u00e9e, utilisable m\u00eame avec des gants<\/li>\n<li>Deux compartiments principaux pour une organisation optimale<\/li>\n<li>Emplacement de rangement pour attelle aluminium-synth\u00e9tique (splint)<\/li>\n<li>Petits compartiments int\u00e9rieurs suppl\u00e9mentaires<\/li>\n<\/ol>\n<p><strong>Contenu de haute qualit\u00e9 pour les premiers secours en d\u00e9placement :<\/strong><br \/>\n1 x bandage adh\u00e9sif, 2 x pansements, 3 x bandes de fermeture cutan\u00e9e, 1 x ruban adh\u00e9sif, 2 x compresses st\u00e9riles, 2 x pansements pour ampoules, 1 x \u00e9charpe triangulaire, 1 x ciseaux de secours, 1 x couverture de survie, 1 x gants de protection, 1 x pince \u00e0 \u00e9piler,<br \/>\n1 x masque de r\u00e9animation,<br \/>\n1 x attelle<\/p>\n<p>&nbsp;<\/p>\n    <\/div>\n\n      <\/div>\n<\/div>\n<\/div><\/div>","protected":false},"excerpt":{"rendered":"<p>Le kit de premiers secours compact pour une utilisation outdoor : contenu de haute qualit\u00e9 avec attelle aluminium-synth\u00e9tique, deux compartiments principaux bien organis\u00e9s et utilisation facile m\u00eame avec des gants. Disponible en version PRO \u00e9quip\u00e9e ou en version SPLINT non \u00e9quip\u00e9e.<\/p>\n","protected":false},"featured_media":8682,"comment_status":"open","ping_status":"closed","template":"","meta":{"_acf_changed":true,"inline_featured_image":false},"product_brand":[],"product_cat":[955,957],"product_tag":[],"class_list":{"0":"post-8675","1":"product","2":"type-product","3":"status-publish","4":"has-post-thumbnail","6":"product_cat-accessoires","7":"product_cat-premiers-secours","9":"first","10":"instock","11":"taxable","12":"shipping-taxable","13":"purchasable","14":"product-type-simple"},"acf":[],"_links":{"self":[{"href":"https:\/\/www.pieps.com\/fr\/wp-json\/wp\/v2\/product\/8675","targetHints":{"allow":["GET"]}}],"collection":[{"href":"https:\/\/www.pieps.com\/fr\/wp-json\/wp\/v2\/product"}],"about":[{"href":"https:\/\/www.pieps.com\/fr\/wp-json\/wp\/v2\/types\/product"}],"replies":[{"embeddable":true,"href":"https:\/\/www.pieps.com\/fr\/wp-json\/wp\/v2\/comments?post=8675"}],"wp:featuredmedia":[{"embeddable":true,"href":"https:\/\/www.pieps.com\/fr\/wp-json\/wp\/v2\/media\/8682"}],"wp:attachment":[{"href":"https:\/\/www.pieps.com\/fr\/wp-json\/wp\/v2\/media?parent=8675"}],"wp:term":[{"taxonomy":"product_brand","embeddable":true,"href":"https:\/\/www.pieps.com\/fr\/wp-json\/wp\/v2\/product_brand?post=8675"},{"taxonomy":"product_cat","embeddable":true,"href":"https:\/\/www.pieps.com\/fr\/wp-json\/wp\/v2\/product_cat?post=8675"},{"taxonomy":"product_tag","embeddable":true,"href":"https:\/\/www.pieps.com\/fr\/wp-json\/wp\/v2\/product_tag?post=8675"}],"curies":[{"name":"wp","href":"https:\/\/api.w.org\/{rel}","templated":true}]}}