{"id":8670,"date":"2023-08-18T09:11:16","date_gmt":"2023-08-18T07:11:16","guid":{"rendered":"https:\/\/www.pieps.com\/product\/30-plus-xt-ii\/"},"modified":"2026-04-22T14:50:10","modified_gmt":"2026-04-22T12:50:10","slug":"30-plus-xt-ii","status":"publish","type":"product","link":"https:\/\/www.pieps.com\/fr\/produit\/30-plus-xt-ii\/","title":{"rendered":"30\u00b0 PLUS XT II"},"content":{"rendered":"<div class=\"l-container c-color__color--primary\"><div class=\"l-gutenberg-block \"><section id=\"product-tabs-block_39dee85c45dad8b22b89d7725c411a26\" class=\"c-product-tabs \">\n      <div class=\"c-single-product__tabs\">\n      <div class=\"c-single-product__tab-titles\">\n                            <div class=\"c-single-product__tab-title js-single-product__tab-title is-active\" data-index=\"0\">\n            30\u00b0 PLUS XT II          <\/div>\n                            <div class=\"c-single-product__tab-title js-single-product__tab-title \" data-index=\"1\">\n            Manual          <\/div>\n              <\/div>\n\n      <div class=\"c-single-product__tab-contents\">\n                            <div class=\"c-single-product__tab-content is-active\" data-index=\"0\">\n            <div class=\"l-row\">\n\n\n                                                <div class=\"l-col l-col-6 l-col-m-12 u-margin-bottom-m-30 c-wysiwyg\"><p>Le <strong>PIEPS 30\u00b0Plus XT II<\/strong> est la nouvelle \u00e9dition de notre inclinom\u00e8tre embl\u00e9matique, dans un nouveau design !<\/p>\n<ul>\n<li>Affichage de l\u2019inclinaison de la pente ainsi que de la temp\u00e9rature de l\u2019air (\u00b0C ou \u00b0F)<\/li>\n<li>Montage facile sur tous les b\u00e2tons de ski du commerce<\/li>\n<li>Permet de s\u2019entra\u00eener \u00e0 mieux \u00e9valuer l\u2019inclinaison de la pente et aide \u00e0 l\u2019\u00e9valuation du risque d\u2019avalanche<\/li>\n<li>Pile bouton rempla\u00e7able<\/li>\n<li>Design amortissant les chocs<\/li>\n<\/ul>\n<\/div>\n                \n                                  <div class=\"l-col l-col-6 l-col-m-12 c-wysiwyg\"><p><iframe loading=\"lazy\" title=\"PIEPS 30\u00b0 PLUS XT\" src=\"https:\/\/player.vimeo.com\/video\/387035768?dnt=1&amp;app_id=122963\" width=\"500\" height=\"281\" frameborder=\"0\" allow=\"autoplay; fullscreen; picture-in-picture; clipboard-write\"><\/iframe><\/p>\n<\/div>\n                                          <\/div>\n          <\/div>\n                            <div class=\"c-single-product__tab-content \" data-index=\"1\">\n            <div class=\"l-row\">\n\n\n                              <div class=\"l-col l-col-12 u-margin-bottom-m-30 c-wysiwyg\">\n                                        <a class=\"c-file\" href=\"https:\/\/www.pieps.com\/wp-content\/uploads\/2023\/08\/qsg_30plusxtii_2023_web-2.pdf\" target=\"_blank\">\n                        <div class=\"c-file__title\">\n                          QSG_30\u00b0PLUSXTII_2023_web                        <\/div>\n                        <div class=\"c-file__icon-holder\">\n                          <svg class=\"c-file__icon\" xmlns=\"http:\/\/www.w3.org\/2000\/svg\" viewBox=\"0 0 384 512\"><!--! Font Awesome Pro 6.2.0 by @fontawesome - https:\/\/fontawesome.com License - https:\/\/fontawesome.com\/license (Commercial License) Copyright 2022 Fonticons, Inc. --><path d=\"M64 0C28.7 0 0 28.7 0 64V448c0 35.3 28.7 64 64 64H320c35.3 0 64-28.7 64-64V160H256c-17.7 0-32-14.3-32-32V0H64zM256 0V128H384L256 0zM216 232V334.1l31-31c9.4-9.4 24.6-9.4 33.9 0s9.4 24.6 0 33.9l-72 72c-9.4 9.4-24.6 9.4-33.9 0l-72-72c-9.4-9.4-9.4-24.6 0-33.9s24.6-9.4 33.9 0l31 31V232c0-13.3 10.7-24 24-24s24 10.7 24 24z\"\/><\/svg>                        <\/div>\n                      <\/a>\n                                    <\/div>\n                          <\/div>\n          <\/div>\n              <\/div>\n    <\/div>\n    <\/section><\/div><\/div>","protected":false},"excerpt":{"rendered":"<p>Le compagnon fiable pour mesurer avec pr\u00e9cision l\u2019inclinaison de la pente et la temp\u00e9rature ext\u00e9rieure directement sur le b\u00e2ton de ski !<\/p>\n","protected":false},"featured_media":8672,"comment_status":"open","ping_status":"closed","template":"","meta":{"_acf_changed":true,"inline_featured_image":false},"product_brand":[],"product_cat":[955,958],"product_tag":[],"class_list":{"0":"post-8670","1":"product","2":"type-product","3":"status-publish","4":"has-post-thumbnail","6":"product_cat-accessoires","7":"product_cat-inclinometre","9":"first","10":"instock","11":"taxable","12":"shipping-taxable","13":"purchasable","14":"product-type-simple"},"acf":[],"_links":{"self":[{"href":"https:\/\/www.pieps.com\/fr\/wp-json\/wp\/v2\/product\/8670","targetHints":{"allow":["GET"]}}],"collection":[{"href":"https:\/\/www.pieps.com\/fr\/wp-json\/wp\/v2\/product"}],"about":[{"href":"https:\/\/www.pieps.com\/fr\/wp-json\/wp\/v2\/types\/product"}],"replies":[{"embeddable":true,"href":"https:\/\/www.pieps.com\/fr\/wp-json\/wp\/v2\/comments?post=8670"}],"wp:featuredmedia":[{"embeddable":true,"href":"https:\/\/www.pieps.com\/fr\/wp-json\/wp\/v2\/media\/8672"}],"wp:attachment":[{"href":"https:\/\/www.pieps.com\/fr\/wp-json\/wp\/v2\/media?parent=8670"}],"wp:term":[{"taxonomy":"product_brand","embeddable":true,"href":"https:\/\/www.pieps.com\/fr\/wp-json\/wp\/v2\/product_brand?post=8670"},{"taxonomy":"product_cat","embeddable":true,"href":"https:\/\/www.pieps.com\/fr\/wp-json\/wp\/v2\/product_cat?post=8670"},{"taxonomy":"product_tag","embeddable":true,"href":"https:\/\/www.pieps.com\/fr\/wp-json\/wp\/v2\/product_tag?post=8670"}],"curies":[{"name":"wp","href":"https:\/\/api.w.org\/{rel}","templated":true}]}}