{"id":8659,"date":"2022-11-04T15:29:12","date_gmt":"2022-11-04T14:29:12","guid":{"rendered":"https:\/\/www.pieps.com\/product\/jetforce-bt-35\/"},"modified":"2026-04-22T14:17:05","modified_gmt":"2026-04-22T12:17:05","slug":"jetforce-bt-35","status":"publish","type":"product","link":"https:\/\/www.pieps.com\/fr\/produit\/jetforce-bt-35\/","title":{"rendered":"JETFORCE BT 35"},"content":{"rendered":"<div class=\"l-container\"><div class=\"l-gutenberg-block \"><section id=\"product-tabs-block_d1c1a023346a2a2d0163bfeac986b08e\" class=\"c-product-tabs \">\n      <div class=\"c-single-product__tabs\">\n      <div class=\"c-single-product__tab-titles\">\n                            <div class=\"c-single-product__tab-title js-single-product__tab-title is-active\" data-index=\"0\">\n            Jetforce BT          <\/div>\n                            <div class=\"c-single-product__tab-title js-single-product__tab-title \" data-index=\"1\">\n            Plus de vid\u00e9os          <\/div>\n                            <div class=\"c-single-product__tab-title js-single-product__tab-title \" data-index=\"2\">\n            Know-how          <\/div>\n                            <div class=\"c-single-product__tab-title js-single-product__tab-title \" data-index=\"3\">\n            Manual          <\/div>\n              <\/div>\n\n      <div class=\"c-single-product__tab-contents\">\n                            <div class=\"c-single-product__tab-content is-active\" data-index=\"0\">\n            <div class=\"l-row\">\n\n\n                                                <div class=\"l-col l-col-6 l-col-m-12 u-margin-bottom-m-30 c-wysiwyg\"><blockquote><p><em><strong>&#8220;UNE TECHNOLOGIE PRIM\u00c9E.&#8221;<\/strong><\/em><\/p><\/blockquote>\n<p>Le <strong>PIEPS JETFORCE BT <\/strong>est un sac \u00e0 dos avalanche haute performance qui peut \u00eatre d\u00e9clench\u00e9 plusieurs fois de suite gr\u00e2ce \u00e0 sa batterie.<\/p>\n<p>La <strong>connectivit\u00e9 Bluetooth<\/strong> associ\u00e9e \u00e0 la <strong>PIEPS APP<\/strong><br \/>\npermet une maintenance simple de l\u2019\u00e9lectronique et facilite en outre la<br \/>\ngestion de l\u2019appareil.<\/p>\n<p>Le <strong>syst\u00e8me modulaire Zip-On<\/strong> offre une grande flexibilit\u00e9 d\u2019utilisation, puisque diff\u00e9rents boosters (<strong>10, 25, 35 l<\/strong>) peuvent \u00eatre zipp\u00e9s sur l\u2019unit\u00e9 de base.<\/p>\n<p><iframe loading=\"lazy\" src=\"https:\/\/player.vimeo.com\/video\/769046314?dnt=1&amp;app_id=122963\" width=\"500\" height=\"281\" frameborder=\"0\" allow=\"autoplay; fullscreen; picture-in-picture; clipboard-write; encrypted-media; web-share\" referrerpolicy=\"strict-origin-when-cross-origin\"><\/iframe><\/p>\n<\/div>\n                \n                                  <div class=\"l-col l-col-6 l-col-m-12 c-wysiwyg\"><p>L\u2019\u00e9lectronique PIEPS int\u00e9gr\u00e9e effectue des <strong>v\u00e9rifications du bon fonctionnement du syst\u00e8me<\/strong> \u00e0 chaque mise en marche ainsi que pendant l\u2019utilisation.<\/p>\n<p>La batterie lithium-ion compacte permet <strong>4 d\u00e9clenchements de l\u2019airbag ou plus<\/strong> par charge et convient \u00e9galement aux voyages en avion.<\/p>\n<p>L\u2019<strong>airbag se d\u00e9gonfle automatiquement apr\u00e8s 3 minutes<\/strong>. En cas d\u2019ensevelissement, cela r\u00e9duit la pression de la neige sur la personne ensevelie et peut cr\u00e9er une <strong>poche d\u2019air respirable<\/strong>.<\/p>\n<p>Comme le syst\u00e8me \u00e9lectronique ne n\u00e9cessite ni cartouche de gaz ni remplacement d\u2019une unit\u00e9 de d\u00e9clenchement, le PIEPS JETFORCE BT peut aussi \u00eatre d\u00e9clench\u00e9 <strong>pour l\u2019entra\u00eenement sans frais suppl\u00e9mentaires<\/strong>.<\/p>\n<\/div>\n                                          <\/div>\n          <\/div>\n                            <div class=\"c-single-product__tab-content \" data-index=\"1\">\n            <div class=\"l-row\">\n\n\n                                                <div class=\"l-col l-col-6 l-col-m-12 u-margin-bottom-m-30 c-wysiwyg\"><h3>Pr\u00e9sentation du produit :<\/h3>\n<p><iframe loading=\"lazy\" title=\"PIEPS JETFORCE BT\" src=\"https:\/\/player.vimeo.com\/video\/464110760?dnt=1&amp;app_id=122963\" width=\"500\" height=\"281\" frameborder=\"0\" allow=\"autoplay; fullscreen; picture-in-picture; clipboard-write; encrypted-media; web-share\" referrerpolicy=\"strict-origin-when-cross-origin\"><\/iframe><\/p>\n<h3>Utilisation :<\/h3>\n<p><iframe loading=\"lazy\" title=\"PIEPS JETFORCE BT -Getting Ready\" src=\"https:\/\/player.vimeo.com\/video\/464110850?dnt=1&amp;app_id=122963\" width=\"500\" height=\"281\" frameborder=\"0\" allow=\"autoplay; fullscreen; picture-in-picture; clipboard-write; encrypted-media; web-share\" referrerpolicy=\"strict-origin-when-cross-origin\"><\/iframe><\/p>\n<\/div>\n                \n                                  <div class=\"l-col l-col-6 l-col-m-12 c-wysiwyg\"><h3>Changer de booster :<\/h3>\n<p><iframe loading=\"lazy\" title=\"PIEPS JETFORCE BT - Booster Change\" src=\"https:\/\/player.vimeo.com\/video\/464110632?dnt=1&amp;app_id=122963\" width=\"500\" height=\"281\" frameborder=\"0\" allow=\"autoplay; fullscreen; picture-in-picture; clipboard-write; encrypted-media; web-share\" referrerpolicy=\"strict-origin-when-cross-origin\"><\/iframe><\/p>\n<p>&nbsp;<\/p>\n<\/div>\n                                          <\/div>\n          <\/div>\n                            <div class=\"c-single-product__tab-content \" data-index=\"2\">\n            <div class=\"l-row\">\n\n\n                                                <div class=\"l-col l-col-6 l-col-m-12 u-margin-bottom-m-30 c-wysiwyg\"><h3 class=\"product-content-title\"><span class=\"large-font-emphasis\">UN AIRBAG AVALANCHE GONFL\u00c9 <strong>AUGMENTE LES CHANCES DE SURVIE.<\/strong><\/span><\/h3>\n<p><img loading=\"lazy\" decoding=\"async\" class=\"alignnone size-full wp-image-1981\" src=\"https:\/\/www.pieps.com\/wp-content\/uploads\/2022\/07\/jetfoce-bt-airpocket.png\" alt=\"\" width=\"1582\" height=\"400\" srcset=\"https:\/\/www.pieps.com\/wp-content\/uploads\/2022\/07\/jetfoce-bt-airpocket.png 1582w, https:\/\/www.pieps.com\/wp-content\/uploads\/2022\/07\/jetfoce-bt-airpocket-300x76.png 300w, https:\/\/www.pieps.com\/wp-content\/uploads\/2022\/07\/jetfoce-bt-airpocket-768x194.png 768w, https:\/\/www.pieps.com\/wp-content\/uploads\/2022\/07\/jetfoce-bt-airpocket-1024x259.png 1024w, https:\/\/www.pieps.com\/wp-content\/uploads\/2022\/07\/jetfoce-bt-airpocket-1536x388.png 1536w, https:\/\/www.pieps.com\/wp-content\/uploads\/2022\/07\/jetfoce-bt-airpocket-400x101.png 400w, https:\/\/www.pieps.com\/wp-content\/uploads\/2022\/07\/jetfoce-bt-airpocket-600x152.png 600w\" sizes=\"auto, (max-width: 1582px) 100vw, 1582px\" \/><\/p>\n<h3 class=\"product-content-title\"><span class=\"large-font-emphasis\">UN AIRBAG AVALANCHE <strong>MINIMISE LE RISQUE CRITIQUE D\u2019ENSEVELISSEMENT :<\/strong><\/span><\/h3>\n<p class=\"fliesstext-absatz\">170 litres : c\u2019est la taille de la poche d\u2019air que le Jetforce cr\u00e9e apr\u00e8s le d\u00e9gonflage automatique de l\u2019airbag. En cas d\u2019ensevelissement critique, la pr\u00e9sence d\u2019une poche d\u2019air augmente les chances de survie :<\/p>\n<ul>\n<li>avec poche d\u2019air 1,5 \u00e0 2 heures<\/li>\n<li>sans poche d\u2019air 15 \u00e0 35 minutes<\/li>\n<\/ul>\n<p class=\"fliesstext-absatz\"><img decoding=\"async\" src=\"https:\/\/www.pieps.com\/sites\/default\/files\/atemblase.jpg\" alt=\"\" \/><\/p>\n<\/div>\n                \n                                  <div class=\"l-col l-col-6 l-col-m-12 c-wysiwyg\"><h3 class=\"product-content-title\">SEUL UN AIRBAG GONFL\u00c9 PEUT AIDER !<\/h3>\n<p>Dans 20 % des cas r\u00e9els, l\u2019utilisateur ne d\u00e9clenche pas le syst\u00e8me \u00e0 cause d\u2019une incertitude dans le maniement du m\u00e9canisme. Les professionnels de l\u2019avalanche (par ex. guides de montagne, secouristes en montagne) s\u2019entra\u00eenent r\u00e9guli\u00e8rement. La familiarit\u00e9 avec le m\u00e9canisme de d\u00e9clenchement et l\u2019entra\u00eenement augmentent le taux de d\u00e9clenchement et la s\u00e9curit\u00e9 :<\/p>\n<h3 class=\"yellow-title\">FAMILIARISEZ-VOUS DAVANTAGE AVEC VOTRE PIEPS JETFORCE !<\/h3>\n<p>&nbsp;<\/p>\n<p><strong><span class=\"large-font-emphasis\">Attention : m\u00eame avec un airbag avalanche, ne partez jamais sans DVA, pelle et sonde !<\/span><\/strong><\/p>\n<p>&nbsp;<\/p>\n<\/div>\n                                          <\/div>\n          <\/div>\n                            <div class=\"c-single-product__tab-content \" data-index=\"3\">\n            <div class=\"l-row\">\n\n\n                              <div class=\"l-col l-col-12 u-margin-bottom-m-30 c-wysiwyg\">\n                                        <a class=\"c-file\" href=\"https:\/\/www.pieps.com\/wp-content\/uploads\/2022\/11\/m14817_a-pieps-jetforce-bt-is-web.pdf\" target=\"_blank\">\n                        <div class=\"c-file__title\">\n                          M14817_A Pieps JetForce BT IS-WEB                        <\/div>\n                        <div class=\"c-file__icon-holder\">\n                          <svg class=\"c-file__icon\" xmlns=\"http:\/\/www.w3.org\/2000\/svg\" viewBox=\"0 0 384 512\"><!--! Font Awesome Pro 6.2.0 by @fontawesome - https:\/\/fontawesome.com License - https:\/\/fontawesome.com\/license (Commercial License) Copyright 2022 Fonticons, Inc. --><path d=\"M64 0C28.7 0 0 28.7 0 64V448c0 35.3 28.7 64 64 64H320c35.3 0 64-28.7 64-64V160H256c-17.7 0-32-14.3-32-32V0H64zM256 0V128H384L256 0zM216 232V334.1l31-31c9.4-9.4 24.6-9.4 33.9 0s9.4 24.6 0 33.9l-72 72c-9.4 9.4-24.6 9.4-33.9 0l-72-72c-9.4-9.4-9.4-24.6 0-33.9s24.6-9.4 33.9 0l31 31V232c0-13.3 10.7-24 24-24s24 10.7 24 24z\"\/><\/svg>                        <\/div>\n                      <\/a>\n                                          <a class=\"c-file\" href=\"https:\/\/www.pieps.com\/wp-content\/uploads\/2022\/07\/jetforce_airplane_info_flugzeug_information.pdf\" target=\"_blank\">\n                        <div class=\"c-file__title\">\n                          Jetforce_travelling_information_for_flying_-_Im_Flugzeug_reisen                        <\/div>\n                        <div class=\"c-file__icon-holder\">\n                          <svg class=\"c-file__icon\" xmlns=\"http:\/\/www.w3.org\/2000\/svg\" viewBox=\"0 0 384 512\"><!--! Font Awesome Pro 6.2.0 by @fontawesome - https:\/\/fontawesome.com License - https:\/\/fontawesome.com\/license (Commercial License) Copyright 2022 Fonticons, Inc. --><path d=\"M64 0C28.7 0 0 28.7 0 64V448c0 35.3 28.7 64 64 64H320c35.3 0 64-28.7 64-64V160H256c-17.7 0-32-14.3-32-32V0H64zM256 0V128H384L256 0zM216 232V334.1l31-31c9.4-9.4 24.6-9.4 33.9 0s9.4 24.6 0 33.9l-72 72c-9.4 9.4-24.6 9.4-33.9 0l-72-72c-9.4-9.4-9.4-24.6 0-33.9s24.6-9.4 33.9 0l31 31V232c0-13.3 10.7-24 24-24s24 10.7 24 24z\"\/><\/svg>                        <\/div>\n                      <\/a>\n                                    <\/div>\n                          <\/div>\n          <\/div>\n              <\/div>\n    <\/div>\n    <\/section><\/div><\/div>","protected":false},"excerpt":{"rendered":"<p>Le <strong>PIEPS JETFORCE BT<\/strong> \u00e9tablit de nouvelles r\u00e9f\u00e9rences en mati\u00e8re de s\u00e9curit\u00e9 et de convivialit\u00e9. Sa batterie rechargeable permet jusqu\u2019\u00e0 quatre d\u00e9clenchements \u00e0 \u201320 \u00b0C, id\u00e9ale pour l\u2019entra\u00eenement et les longues journ\u00e9es en montagne. Le contr\u00f4le intelligent de la pression, le d\u00e9gonflage automatique et la poign\u00e9e de commande intuitive en font le syst\u00e8me d\u2019airbag le plus avanc\u00e9 et le plus convivial du march\u00e9.<\/p>\n","protected":false},"featured_media":8660,"comment_status":"open","ping_status":"closed","template":"","meta":{"_acf_changed":true,"inline_featured_image":false},"product_brand":[],"product_cat":[944],"product_tag":[],"class_list":{"0":"post-8659","1":"product","2":"type-product","3":"status-publish","4":"has-post-thumbnail","6":"product_cat-sacs-airbag-davalanche","8":"first","9":"instock","10":"taxable","11":"shipping-taxable","12":"purchasable","13":"product-type-simple"},"acf":[],"_links":{"self":[{"href":"https:\/\/www.pieps.com\/fr\/wp-json\/wp\/v2\/product\/8659","targetHints":{"allow":["GET"]}}],"collection":[{"href":"https:\/\/www.pieps.com\/fr\/wp-json\/wp\/v2\/product"}],"about":[{"href":"https:\/\/www.pieps.com\/fr\/wp-json\/wp\/v2\/types\/product"}],"replies":[{"embeddable":true,"href":"https:\/\/www.pieps.com\/fr\/wp-json\/wp\/v2\/comments?post=8659"}],"wp:featuredmedia":[{"embeddable":true,"href":"https:\/\/www.pieps.com\/fr\/wp-json\/wp\/v2\/media\/8660"}],"wp:attachment":[{"href":"https:\/\/www.pieps.com\/fr\/wp-json\/wp\/v2\/media?parent=8659"}],"wp:term":[{"taxonomy":"product_brand","embeddable":true,"href":"https:\/\/www.pieps.com\/fr\/wp-json\/wp\/v2\/product_brand?post=8659"},{"taxonomy":"product_cat","embeddable":true,"href":"https:\/\/www.pieps.com\/fr\/wp-json\/wp\/v2\/product_cat?post=8659"},{"taxonomy":"product_tag","embeddable":true,"href":"https:\/\/www.pieps.com\/fr\/wp-json\/wp\/v2\/product_tag?post=8659"}],"curies":[{"name":"wp","href":"https:\/\/api.w.org\/{rel}","templated":true}]}}