{"id":8631,"date":"2022-10-25T16:54:40","date_gmt":"2022-10-25T14:54:40","guid":{"rendered":"https:\/\/www.pieps.com\/product\/shovel-t500\/"},"modified":"2026-04-22T12:29:35","modified_gmt":"2026-04-22T10:29:35","slug":"shovel-t500","status":"publish","type":"product","link":"https:\/\/www.pieps.com\/fr\/produit\/shovel-t500\/","title":{"rendered":"PELLE T500"},"content":{"rendered":"<div class=\"l-container\">\n<p><\/p>\n<\/div><!--CORE: l-container-->\n\n<div class=\"l-container\"><div class=\"l-gutenberg-block \"><section id=\"product-tabs-block_b2fc6ca50ce3bbb44496cf778d0a378d\" class=\"c-product-tabs \">\n      <div class=\"c-single-product__tabs\">\n      <div class=\"c-single-product__tab-titles\">\n                            <div class=\"c-single-product__tab-title js-single-product__tab-title is-active\" data-index=\"0\">\n            Pelle T500          <\/div>\n                            <div class=\"c-single-product__tab-title js-single-product__tab-title \" data-index=\"1\">\n            Savoir-faire          <\/div>\n              <\/div>\n\n      <div class=\"c-single-product__tab-contents\">\n                            <div class=\"c-single-product__tab-content is-active\" data-index=\"0\">\n            <div class=\"l-row\">\n\n\n                                                <div class=\"l-col l-col-6 l-col-m-12 u-margin-bottom-m-30 c-wysiwyg\"><p><strong>Caract\u00e9ristiques principales :<\/strong><\/p>\n<ul>\n<li>Rev\u00eatement de surface sp\u00e9cial<\/li>\n<li>Bords aff\u00fbt\u00e9s<\/li>\n<li>Nervures centrales prononc\u00e9es<\/li>\n<li>Fonction tra\u00eeneau de secours<\/li>\n<li>Rainures antid\u00e9rapantes pour les pieds<\/li>\n<li>Poids minimal et duret\u00e9 extr\u00eame<\/li>\n<\/ul>\n<\/div>\n                \n                                  <div class=\"l-col l-col-6 l-col-m-12 c-wysiwyg\"><p><iframe loading=\"lazy\" title=\"PIEPS SHOVEL T\" src=\"https:\/\/player.vimeo.com\/video\/464110327?dnt=1&amp;app_id=122963\" width=\"500\" height=\"281\" frameborder=\"0\" allow=\"autoplay; fullscreen; picture-in-picture; clipboard-write; encrypted-media; web-share\" referrerpolicy=\"strict-origin-when-cross-origin\"><\/iframe><\/p>\n<\/div>\n                                          <\/div>\n          <\/div>\n                            <div class=\"c-single-product__tab-content \" data-index=\"1\">\n            <div class=\"l-row\">\n\n\n                                                <div class=\"l-col l-col-6 l-col-m-12 u-margin-bottom-m-30 c-wysiwyg\"><h3 class=\"product-content-title\">D\u00c9GAGEMENT SYST\u00c9MATIQUE<\/h3>\n<p>&nbsp;<\/p>\n<p class=\"fliesstext-absatz\">Commencez \u00e0 pelleter sur le c\u00f4t\u00e9 de la sonde, \u00e0 une distance de celle-ci \u00e9quivalente \u00e0 la profondeur indiqu\u00e9e de l\u2019ensevelissement :<\/p>\n<p>&nbsp;<\/p>\n<p class=\"fliesstext-absatz\"><img decoding=\"async\" src=\"https:\/\/www.pieps.com\/sites\/default\/files\/grafik_ausschaufeln_de_0.jpg\" alt=\"\" \/><\/p>\n<ul>\n<li>\n<p class=\"fliesstext-absatz\">Sur le c\u00f4t\u00e9 de la sonde et \u00e0 une distance correspondant \u00e0 la profondeur indiqu\u00e9e.<\/p>\n<\/li>\n<li>\n<p class=\"fliesstext-absatz\">Organiser et coordonner le d\u00e9gagement.<\/p>\n<\/li>\n<li>\n<p class=\"fliesstext-absatz\">Rapide, mais sans pr\u00e9cipitation.<\/p>\n<\/li>\n<\/ul>\n<h3><\/h3>\n<\/div>\n                \n                                  <div class=\"l-col l-col-6 l-col-m-12 c-wysiwyg\"><blockquote>\n<h3><strong><span class=\"large-font-emphasis\">Si plusieurs personnes pelletent, les positions doivent \u00eatre chang\u00e9es dans le sens des aiguilles d\u2019une montre.<\/span><\/strong><\/h3>\n<\/blockquote>\n<\/div>\n                                          <\/div>\n          <\/div>\n              <\/div>\n    <\/div>\n    <\/section><\/div><\/div>\n\n<div class=\"l-container\">\n<p><\/p>\n<\/div><!--CORE: l-container-->","protected":false},"excerpt":{"rendered":"<p>Diese leichte und stabile <strong>Shovel T500<\/strong> ist besonders beliebt f\u00fcr den Einsatz bei Wettk\u00e4mpfen, bei denen es auf jedes Gramm ankommt.\u00a0<\/p>\n","protected":false},"featured_media":8632,"comment_status":"open","ping_status":"closed","template":"","meta":{"_acf_changed":true,"inline_featured_image":false},"product_brand":[],"product_cat":[945,947],"product_tag":[],"class_list":{"0":"post-8631","1":"product","2":"type-product","3":"status-publish","4":"has-post-thumbnail","6":"product_cat-pelles","7":"product_cat-pelles-t","9":"first","10":"instock","11":"taxable","12":"shipping-taxable","13":"purchasable","14":"product-type-simple"},"acf":[],"_links":{"self":[{"href":"https:\/\/www.pieps.com\/fr\/wp-json\/wp\/v2\/product\/8631","targetHints":{"allow":["GET"]}}],"collection":[{"href":"https:\/\/www.pieps.com\/fr\/wp-json\/wp\/v2\/product"}],"about":[{"href":"https:\/\/www.pieps.com\/fr\/wp-json\/wp\/v2\/types\/product"}],"replies":[{"embeddable":true,"href":"https:\/\/www.pieps.com\/fr\/wp-json\/wp\/v2\/comments?post=8631"}],"wp:featuredmedia":[{"embeddable":true,"href":"https:\/\/www.pieps.com\/fr\/wp-json\/wp\/v2\/media\/8632"}],"wp:attachment":[{"href":"https:\/\/www.pieps.com\/fr\/wp-json\/wp\/v2\/media?parent=8631"}],"wp:term":[{"taxonomy":"product_brand","embeddable":true,"href":"https:\/\/www.pieps.com\/fr\/wp-json\/wp\/v2\/product_brand?post=8631"},{"taxonomy":"product_cat","embeddable":true,"href":"https:\/\/www.pieps.com\/fr\/wp-json\/wp\/v2\/product_cat?post=8631"},{"taxonomy":"product_tag","embeddable":true,"href":"https:\/\/www.pieps.com\/fr\/wp-json\/wp\/v2\/product_tag?post=8631"}],"curies":[{"name":"wp","href":"https:\/\/api.w.org\/{rel}","templated":true}]}}