{"id":8605,"date":"2022-12-01T17:31:40","date_gmt":"2022-12-01T16:31:40","guid":{"rendered":"https:\/\/www.pieps.com\/product\/probe-carbon-240-race\/"},"modified":"2026-04-22T11:34:51","modified_gmt":"2026-04-22T09:34:51","slug":"probe-carbon-240-race","status":"publish","type":"product","link":"https:\/\/www.pieps.com\/fr\/produit\/probe-carbon-240-race\/","title":{"rendered":"PROBE CARBON 240 RACE"},"content":{"rendered":"","protected":false},"excerpt":{"rendered":"<p>La <strong>Pieps Carbon 240 Race<\/strong> est la sonde d\u2019avalanche la plus l\u00e9g\u00e8re en fibre de carbone haut de gamme, sp\u00e9cialement con\u00e7ue pour une utilisation en comp\u00e9tition, o\u00f9 des \u00e9quipes de secours sont d\u00e9j\u00e0 pr\u00e9sentes.<br \/>\nPour toute utilisation en dehors de ces comp\u00e9titions, nous recommandons nos sondes <a href=\"https:\/\/www.pieps.com\/aluminium-sonden\/\">ALU SPORT<\/a> ou <a href=\"https:\/\/www.pieps.com\/carbon-avalanche-probes\/\">CARBON PRO<\/a>.<\/p>\n<p><strong>CARACT\u00c9RISTIQUES DU PRODUIT<\/strong><\/p>\n<ul>\n<li>Design avec couleurs de signalisation<\/li>\n<li>Syst\u00e8me de tension simple<\/li>\n<li>Syst\u00e8me Speed-Cone<\/li>\n<li>Cordon l\u00e9ger en Dyneema<\/li>\n<\/ul>\n<p>&nbsp;<\/p>\n","protected":false},"featured_media":8606,"comment_status":"open","ping_status":"closed","template":"","meta":{"_acf_changed":true,"inline_featured_image":false},"product_brand":[],"product_cat":[948,950],"product_tag":[],"class_list":{"0":"post-8605","1":"product","2":"type-product","3":"status-publish","4":"has-post-thumbnail","6":"product_cat-sondes","7":"product_cat-sondes-en-carbone","9":"first","10":"instock","11":"taxable","12":"shipping-taxable","13":"purchasable","14":"product-type-simple"},"acf":[],"_links":{"self":[{"href":"https:\/\/www.pieps.com\/fr\/wp-json\/wp\/v2\/product\/8605","targetHints":{"allow":["GET"]}}],"collection":[{"href":"https:\/\/www.pieps.com\/fr\/wp-json\/wp\/v2\/product"}],"about":[{"href":"https:\/\/www.pieps.com\/fr\/wp-json\/wp\/v2\/types\/product"}],"replies":[{"embeddable":true,"href":"https:\/\/www.pieps.com\/fr\/wp-json\/wp\/v2\/comments?post=8605"}],"wp:featuredmedia":[{"embeddable":true,"href":"https:\/\/www.pieps.com\/fr\/wp-json\/wp\/v2\/media\/8606"}],"wp:attachment":[{"href":"https:\/\/www.pieps.com\/fr\/wp-json\/wp\/v2\/media?parent=8605"}],"wp:term":[{"taxonomy":"product_brand","embeddable":true,"href":"https:\/\/www.pieps.com\/fr\/wp-json\/wp\/v2\/product_brand?post=8605"},{"taxonomy":"product_cat","embeddable":true,"href":"https:\/\/www.pieps.com\/fr\/wp-json\/wp\/v2\/product_cat?post=8605"},{"taxonomy":"product_tag","embeddable":true,"href":"https:\/\/www.pieps.com\/fr\/wp-json\/wp\/v2\/product_tag?post=8605"}],"curies":[{"name":"wp","href":"https:\/\/api.w.org\/{rel}","templated":true}]}}