{"id":8603,"date":"2022-10-24T17:28:38","date_gmt":"2022-10-24T15:28:38","guid":{"rendered":"https:\/\/www.pieps.com\/product\/probe-alu-300-sport\/"},"modified":"2026-04-22T11:31:38","modified_gmt":"2026-04-22T09:31:38","slug":"probe-alu-300-sport","status":"publish","type":"product","link":"https:\/\/www.pieps.com\/fr\/produit\/probe-alu-300-sport\/","title":{"rendered":"PROBE ALU 300 SPORT"},"content":{"rendered":"","protected":false},"excerpt":{"rendered":"<p>La <strong>PIEPS ALU SPORT<\/strong> au nouveau design est une sonde d\u2019avalanche tr\u00e8s robuste, simple et rapide \u00e0 d\u00e9ployer.<\/p>\n<ul>\n<li>Syst\u00e8me Speed-Cone pour une mise en tension ultra-rapide<\/li>\n<li>Syst\u00e8me de verrouillage rapide pour bloquer la sonde<\/li>\n<li>Graduation en centim\u00e8tres pour lire la profondeur d\u2019ensevelissement et comme mesure lors de l\u2019analyse du manteau neigeux<\/li>\n<li>Fixation compacte gr\u00e2ce \u00e0 une boucle de fermeture \u00e9lastique<\/li>\n<li>Rangement peu encombrant<\/li>\n<\/ul>\n","protected":false},"featured_media":8604,"comment_status":"open","ping_status":"closed","template":"","meta":{"_acf_changed":true,"inline_featured_image":false},"product_brand":[],"product_cat":[949,948],"product_tag":[],"class_list":{"0":"post-8603","1":"product","2":"type-product","3":"status-publish","4":"has-post-thumbnail","6":"product_cat-sonde-en-aluminium","7":"product_cat-sondes","9":"first","10":"instock","11":"taxable","12":"shipping-taxable","13":"purchasable","14":"product-type-simple"},"acf":[],"_links":{"self":[{"href":"https:\/\/www.pieps.com\/fr\/wp-json\/wp\/v2\/product\/8603","targetHints":{"allow":["GET"]}}],"collection":[{"href":"https:\/\/www.pieps.com\/fr\/wp-json\/wp\/v2\/product"}],"about":[{"href":"https:\/\/www.pieps.com\/fr\/wp-json\/wp\/v2\/types\/product"}],"replies":[{"embeddable":true,"href":"https:\/\/www.pieps.com\/fr\/wp-json\/wp\/v2\/comments?post=8603"}],"wp:featuredmedia":[{"embeddable":true,"href":"https:\/\/www.pieps.com\/fr\/wp-json\/wp\/v2\/media\/8604"}],"wp:attachment":[{"href":"https:\/\/www.pieps.com\/fr\/wp-json\/wp\/v2\/media?parent=8603"}],"wp:term":[{"taxonomy":"product_brand","embeddable":true,"href":"https:\/\/www.pieps.com\/fr\/wp-json\/wp\/v2\/product_brand?post=8603"},{"taxonomy":"product_cat","embeddable":true,"href":"https:\/\/www.pieps.com\/fr\/wp-json\/wp\/v2\/product_cat?post=8603"},{"taxonomy":"product_tag","embeddable":true,"href":"https:\/\/www.pieps.com\/fr\/wp-json\/wp\/v2\/product_tag?post=8603"}],"curies":[{"name":"wp","href":"https:\/\/api.w.org\/{rel}","templated":true}]}}