{"id":8593,"date":"2022-10-25T09:35:48","date_gmt":"2022-10-25T07:35:48","guid":{"rendered":"https:\/\/www.pieps.com\/product\/probe-carbon-260-pro-2\/"},"modified":"2026-04-22T11:09:46","modified_gmt":"2026-04-22T09:09:46","slug":"probe-carbon-260-pro-2","status":"publish","type":"product","link":"https:\/\/www.pieps.com\/fr\/produit\/probe-carbon-260-pro-2\/","title":{"rendered":"PROBE CARBON 260 PRO"},"content":{"rendered":"","protected":false},"excerpt":{"rendered":"<p>La <strong>PIEPS CARBON PRO<\/strong> au nouveau design est une sonde d\u2019avalanche particuli\u00e8rement l\u00e9g\u00e8re en fibre de carbone haut de gamme.<\/p>\n<ul>\n<li>Syst\u00e8me Speed-Cone pour une mise en tension ultra-rapide<\/li>\n<li>Syst\u00e8me de verrouillage rapide pour bloquer la sonde<\/li>\n<li>Graduation en centim\u00e8tres pour lire la profondeur d\u2019ensevelissement et comme mesure lors de l\u2019analyse du manteau neigeux<\/li>\n<li>Fixation compacte gr\u00e2ce \u00e0 une boucle de fermeture \u00e9lastique<\/li>\n<li>Rangement peu encombrant<\/li>\n<\/ul>\n","protected":false},"featured_media":8594,"comment_status":"open","ping_status":"closed","template":"","meta":{"_acf_changed":true,"inline_featured_image":false},"product_brand":[],"product_cat":[948,950],"product_tag":[],"class_list":{"0":"post-8593","1":"product","2":"type-product","3":"status-publish","4":"has-post-thumbnail","6":"product_cat-sondes","7":"product_cat-sondes-en-carbone","9":"first","10":"instock","11":"taxable","12":"shipping-taxable","13":"purchasable","14":"product-type-simple"},"acf":[],"_links":{"self":[{"href":"https:\/\/www.pieps.com\/fr\/wp-json\/wp\/v2\/product\/8593","targetHints":{"allow":["GET"]}}],"collection":[{"href":"https:\/\/www.pieps.com\/fr\/wp-json\/wp\/v2\/product"}],"about":[{"href":"https:\/\/www.pieps.com\/fr\/wp-json\/wp\/v2\/types\/product"}],"replies":[{"embeddable":true,"href":"https:\/\/www.pieps.com\/fr\/wp-json\/wp\/v2\/comments?post=8593"}],"wp:featuredmedia":[{"embeddable":true,"href":"https:\/\/www.pieps.com\/fr\/wp-json\/wp\/v2\/media\/8594"}],"wp:attachment":[{"href":"https:\/\/www.pieps.com\/fr\/wp-json\/wp\/v2\/media?parent=8593"}],"wp:term":[{"taxonomy":"product_brand","embeddable":true,"href":"https:\/\/www.pieps.com\/fr\/wp-json\/wp\/v2\/product_brand?post=8593"},{"taxonomy":"product_cat","embeddable":true,"href":"https:\/\/www.pieps.com\/fr\/wp-json\/wp\/v2\/product_cat?post=8593"},{"taxonomy":"product_tag","embeddable":true,"href":"https:\/\/www.pieps.com\/fr\/wp-json\/wp\/v2\/product_tag?post=8593"}],"curies":[{"name":"wp","href":"https:\/\/api.w.org\/{rel}","templated":true}]}}