{"id":8571,"date":"2025-11-12T16:38:21","date_gmt":"2025-11-12T15:38:21","guid":{"rendered":"https:\/\/www.pieps.com\/product\/iprobe-bt-300-2\/"},"modified":"2026-04-17T12:31:15","modified_gmt":"2026-04-17T10:31:15","slug":"iprobe-bt-300-2","status":"publish","type":"product","link":"https:\/\/www.pieps.com\/fr\/produit\/iprobe-bt-300-2\/","title":{"rendered":"iPROBE BT+ 300"},"content":{"rendered":"<div class=\"l-container\"><div class=\"l-gutenberg-block \"><section id=\"product-tabs-block_f7d0656be35a5412c5c68a869b42b245\" class=\"c-product-tabs \">\n      <div class=\"c-single-product__tabs\">\n      <div class=\"c-single-product__tab-titles\">\n                            <div class=\"c-single-product__tab-title js-single-product__tab-title is-active\" data-index=\"0\">\n            iPROBE BT+          <\/div>\n                            <div class=\"c-single-product__tab-title js-single-product__tab-title \" data-index=\"1\">\n            Recherche optimis\u00e9e          <\/div>\n                            <div class=\"c-single-product__tab-title js-single-product__tab-title \" data-index=\"2\">\n            Vid\u00e9o produit          <\/div>\n                            <div class=\"c-single-product__tab-title js-single-product__tab-title \" data-index=\"3\">\n            Manual          <\/div>\n              <\/div>\n\n      <div class=\"c-single-product__tab-contents\">\n                            <div class=\"c-single-product__tab-content is-active\" data-index=\"0\">\n            <div class=\"l-row\">\n\n\n                                                <div class=\"l-col l-col-6 l-col-m-12 u-margin-bottom-m-30 c-wysiwyg\"><blockquote><p><strong>\u00ab INDIQUE D\u00c8S QU\u2019IL EST POSSIBLE DE COMMENCER \u00c0 D\u00c9GAGER \u00bb<\/strong><\/p><\/blockquote>\n<ul>\n<li>Indique lorsque la victime ensevelie a \u00e9t\u00e9 localis\u00e9e<\/li>\n<li>Rep\u00e8res de s\u00e9curit\u00e9 \u00e0 100 cm et 150 cm<\/li>\n<li>Bluetooth<\/li>\n<li>Auto-Switch ON\/OFF<\/li>\n<li>Graduation en centim\u00e8tres<\/li>\n<li>Mise en tension simple et rapide de la sonde<\/li>\n<li>Syst\u00e8me de verrouillage rapide pour bloquer la sonde<\/li>\n<li>Boucle de fermeture \u00e9lastique<\/li>\n<li>Mises \u00e0 jour logicielles<\/li>\n<\/ul>\n<\/div>\n                \n                                  <div class=\"l-col l-col-6 l-col-m-12 c-wysiwyg\"><p><iframe loading=\"lazy\" title=\"\u26f7\ufe0f Skitour: Was bringt die elektronische Sonde iProbe von PIEPS?\" width=\"422\" height=\"750\" src=\"https:\/\/www.youtube.com\/embed\/ABtl7V9WH1c?feature=oembed\" frameborder=\"0\" allow=\"accelerometer; autoplay; clipboard-write; encrypted-media; gyroscope; picture-in-picture; web-share\" referrerpolicy=\"strict-origin-when-cross-origin\" allowfullscreen><\/iframe><\/p>\n<\/div>\n                                          <\/div>\n          <\/div>\n                            <div class=\"c-single-product__tab-content \" data-index=\"1\">\n            <div class=\"l-row\">\n\n\n                                                <div class=\"l-col l-col-6 l-col-m-12 u-margin-bottom-m-30 c-wysiwyg\"><p>&nbsp;<\/p>\n<h2>Localisation plus rapide avec l\u2019iPROBE<\/h2>\n<p>&nbsp;<\/p>\n<p><strong>\u00ab Fastest Rescue System \u00bb<\/strong> d\u00e9signe la m\u00e9thode de recherche optimis\u00e9e avec l\u2019iPROBE. L\u2019article publi\u00e9 dans <a href=\"https:\/\/www.bergundsteigen.com\/artikel\/fastest-rescue-system-wie-sondiert-man-mit-elektronischer-sonde-richtig\/\"><em>bergundsteigen<\/em><\/a>, le magazine de l\u2019\u00d6AV, offre un aper\u00e7u d\u00e9taill\u00e9 de cette m\u00e9thode.<\/p>\n<p>Vers l\u2019article :<\/p>\n<p><a href=\"https:\/\/www.bergundsteigen.com\/artikel\/fastest-rescue-system-wie-sondiert-man-mit-elektronischer-sonde-richtig\/\">Fastest Rescue System : comment sonder correctement avec une sonde \u00e9lectronique ?<\/a><\/p>\n<\/div>\n                \n                                  <div class=\"l-col l-col-6 l-col-m-12 c-wysiwyg\"><p><img decoding=\"async\" src=\"https:\/\/www.pieps.com\/wp-content\/uploads\/2022\/10\/2022_12_07_pieps_00707.jpg\" \/><\/p>\n<\/div>\n                                          <\/div>\n          <\/div>\n                            <div class=\"c-single-product__tab-content \" data-index=\"2\">\n            <div class=\"l-row\">\n\n\n                                                <div class=\"l-col l-col-6 l-col-m-12 u-margin-bottom-m-30 c-wysiwyg\"><p><iframe loading=\"lazy\" title=\"PIEPS iPROBE BT\" src=\"https:\/\/player.vimeo.com\/video\/366191327?dnt=1&amp;app_id=122963\" width=\"500\" height=\"281\" frameborder=\"0\" allow=\"autoplay; fullscreen; picture-in-picture; clipboard-write; encrypted-media; web-share\" referrerpolicy=\"strict-origin-when-cross-origin\"><\/iframe><\/p>\n<\/div>\n                \n                                          <\/div>\n          <\/div>\n                            <div class=\"c-single-product__tab-content \" data-index=\"3\">\n            <div class=\"l-row\">\n\n\n                              <div class=\"l-col l-col-12 u-margin-bottom-m-30 c-wysiwyg\">\n                                        <a class=\"c-file\" href=\"https:\/\/www.pieps.com\/wp-content\/uploads\/2025\/10\/qsg_iprobe_bt_web.pdf\" target=\"_blank\">\n                        <div class=\"c-file__title\">\n                          QSG_iPROBE_BT+_web                        <\/div>\n                        <div class=\"c-file__icon-holder\">\n                          <svg class=\"c-file__icon\" xmlns=\"http:\/\/www.w3.org\/2000\/svg\" viewBox=\"0 0 384 512\"><!--! Font Awesome Pro 6.2.0 by @fontawesome - https:\/\/fontawesome.com License - https:\/\/fontawesome.com\/license (Commercial License) Copyright 2022 Fonticons, Inc. --><path d=\"M64 0C28.7 0 0 28.7 0 64V448c0 35.3 28.7 64 64 64H320c35.3 0 64-28.7 64-64V160H256c-17.7 0-32-14.3-32-32V0H64zM256 0V128H384L256 0zM216 232V334.1l31-31c9.4-9.4 24.6-9.4 33.9 0s9.4 24.6 0 33.9l-72 72c-9.4 9.4-24.6 9.4-33.9 0l-72-72c-9.4-9.4-9.4-24.6 0-33.9s24.6-9.4 33.9 0l31 31V232c0-13.3 10.7-24 24-24s24 10.7 24 24z\"\/><\/svg>                        <\/div>\n                      <\/a>\n                                    <\/div>\n                          <\/div>\n          <\/div>\n              <\/div>\n    <\/div>\n    <\/section><\/div><\/div>","protected":false},"excerpt":{"rendered":"<p><strong>PIEPS iPROBE BT+<\/strong><br \/><strong>Intelligente. Rapide. Pr\u00e9cise.<br \/><\/strong>La PIEPS iPROBE BT+ est l\u2019extension intelligente de votre syst\u00e8me de secours avalanche, bas\u00e9e sur la toute derni\u00e8re plateforme technologique pour une recherche fine et une localisation pr\u00e9cise encore plus rapides et plus exactes. Gr\u00e2ce \u00e0 la d\u00e9tection \u00e9lectronique des signaux, elle reconna\u00eet automatiquement les DVA actifs lors du sondage et fournit imm\u00e9diatement un retour visuel et sonore. Les incertitudes sont ainsi efficacement \u00e9limin\u00e9es. La nouvelle iPROBE BT+ dispose \u00e9galement d\u2019un rep\u00e8re suppl\u00e9mentaire mis en \u00e9vidence \u00e0 150 cm, facilitant la d\u00e9termination de la profondeur d\u2019ensevelissement.<\/p>\n<p>L\u00e9g\u00e8re, robuste et compatible avec tous les DVA, l\u2019iPROBE BT+ r\u00e9duit le temps de recherche dans la phase finale, id\u00e9al en cas d\u2019ensevelissement profond ou dans un terrain complexe.<\/p>\n","protected":false},"featured_media":7626,"comment_status":"open","ping_status":"closed","template":"","meta":{"_acf_changed":true,"inline_featured_image":false},"product_brand":[],"product_cat":[951,948],"product_tag":[],"class_list":{"0":"post-8571","1":"product","2":"type-product","3":"status-publish","4":"has-post-thumbnail","6":"product_cat-iprobes","7":"product_cat-sondes","9":"first","10":"instock","11":"taxable","12":"shipping-taxable","13":"purchasable","14":"product-type-simple"},"acf":[],"_links":{"self":[{"href":"https:\/\/www.pieps.com\/fr\/wp-json\/wp\/v2\/product\/8571","targetHints":{"allow":["GET"]}}],"collection":[{"href":"https:\/\/www.pieps.com\/fr\/wp-json\/wp\/v2\/product"}],"about":[{"href":"https:\/\/www.pieps.com\/fr\/wp-json\/wp\/v2\/types\/product"}],"replies":[{"embeddable":true,"href":"https:\/\/www.pieps.com\/fr\/wp-json\/wp\/v2\/comments?post=8571"}],"wp:featuredmedia":[{"embeddable":true,"href":"https:\/\/www.pieps.com\/fr\/wp-json\/wp\/v2\/media\/7626"}],"wp:attachment":[{"href":"https:\/\/www.pieps.com\/fr\/wp-json\/wp\/v2\/media?parent=8571"}],"wp:term":[{"taxonomy":"product_brand","embeddable":true,"href":"https:\/\/www.pieps.com\/fr\/wp-json\/wp\/v2\/product_brand?post=8571"},{"taxonomy":"product_cat","embeddable":true,"href":"https:\/\/www.pieps.com\/fr\/wp-json\/wp\/v2\/product_cat?post=8571"},{"taxonomy":"product_tag","embeddable":true,"href":"https:\/\/www.pieps.com\/fr\/wp-json\/wp\/v2\/product_tag?post=8571"}],"curies":[{"name":"wp","href":"https:\/\/api.w.org\/{rel}","templated":true}]}}