{"id":8559,"date":"2022-10-25T17:42:36","date_gmt":"2022-10-25T15:42:36","guid":{"rendered":"https:\/\/www.pieps.com\/product\/shovel-t825-pro\/"},"modified":"2026-04-17T12:09:19","modified_gmt":"2026-04-17T10:09:19","slug":"shovel-t825-pro","status":"publish","type":"product","link":"https:\/\/www.pieps.com\/fr\/produit\/shovel-t825-pro\/","title":{"rendered":"PELLE T825 pro+"},"content":{"rendered":"<div class=\"l-container\"><div class=\"l-gutenberg-block \"><section id=\"product-tabs-block_1a932a00391abfd5544665306c194348\" class=\"c-product-tabs \">\n      <div class=\"c-single-product__tabs\">\n      <div class=\"c-single-product__tab-titles\">\n                            <div class=\"c-single-product__tab-title js-single-product__tab-title is-active\" data-index=\"0\">\n            Pelle T825 PRO+          <\/div>\n                            <div class=\"c-single-product__tab-title js-single-product__tab-title \" data-index=\"1\">\n            Savoir-faire          <\/div>\n              <\/div>\n\n      <div class=\"c-single-product__tab-contents\">\n                            <div class=\"c-single-product__tab-content is-active\" data-index=\"0\">\n            <div class=\"l-row\">\n\n\n                                                <div class=\"l-col l-col-6 l-col-m-12 u-margin-bottom-m-30 c-wysiwyg\"><p><strong>Principales caract\u00e9ristiques :<\/strong><\/p>\n<ul>\n<li>Scie \u00e0 neige int\u00e9gr\u00e9e<\/li>\n<li>Manche extra long<\/li>\n<li>Grand godet<\/li>\n<li>Rev\u00eatement de surface sp\u00e9cial<\/li>\n<li>Fonction t\u00e9lescopique<\/li>\n<li>Bords aff\u00fbt\u00e9s<\/li>\n<li>Nervures centrales renforc\u00e9es<\/li>\n<li>Fonction tra\u00eeneau de secours<\/li>\n<li>Rainures antid\u00e9rapantes pour le pied<\/li>\n<li>Poids minimal et duret\u00e9 extr\u00eame<\/li>\n<\/ul>\n<\/div>\n                \n                                  <div class=\"l-col l-col-6 l-col-m-12 c-wysiwyg\"><p><iframe loading=\"lazy\" title=\"PIEPS SHOVEL T\" src=\"https:\/\/player.vimeo.com\/video\/464110327?dnt=1&amp;app_id=122963\" width=\"500\" height=\"281\" frameborder=\"0\" allow=\"autoplay; fullscreen; picture-in-picture; clipboard-write; encrypted-media; web-share\" referrerpolicy=\"strict-origin-when-cross-origin\"><\/iframe><\/p>\n<\/div>\n                                          <\/div>\n          <\/div>\n                            <div class=\"c-single-product__tab-content \" data-index=\"1\">\n            <div class=\"l-row\">\n\n\n                                                <div class=\"l-col l-col-6 l-col-m-12 u-margin-bottom-m-30 c-wysiwyg\"><h3 class=\"product-content-title\">PELLETAGE SYST\u00c9MATIQUE<\/h3>\n<p>&nbsp;<\/p>\n<p class=\"fliesstext-absatz\">Commencez \u00e0 pelleter sur le c\u00f4t\u00e9 de la sonde, \u00e0 une distance de celle-ci \u00e9quivalente \u00e0 la profondeur indiqu\u00e9e par la sonde :<\/p>\n<p>&nbsp;<\/p>\n<p class=\"fliesstext-absatz\"><img decoding=\"async\" src=\"https:\/\/www.pieps.com\/sites\/default\/files\/grafik_ausschaufeln_de_0.jpg\" alt=\"\" \/><\/p>\n<ul>\n<li>\n<p class=\"fliesstext-absatz\">Sur le c\u00f4t\u00e9 de la sonde et \u00e0 une distance de celle-ci correspondant \u00e0 la profondeur indiqu\u00e9e.<\/p>\n<\/li>\n<li>\n<p class=\"fliesstext-absatz\">Organiser et coordonner l\u2019excavation<\/p>\n<\/li>\n<li>\n<p class=\"fliesstext-absatz\">Rapide, mais sans pr\u00e9cipitation<\/p>\n<\/li>\n<\/ul>\n<h3><\/h3>\n<\/div>\n                \n                                  <div class=\"l-col l-col-6 l-col-m-12 c-wysiwyg\"><blockquote>\n<h3><strong><span class=\"large-font-emphasis\">Si plusieurs personnes pelletent, les positions doivent \u00eatre chang\u00e9es dans le sens des aiguilles d\u2019une montre.<\/span><\/strong><\/h3>\n<\/blockquote>\n<\/div>\n                                          <\/div>\n          <\/div>\n              <\/div>\n    <\/div>\n    <\/section><\/div><\/div>","protected":false},"excerpt":{"rendered":"<p>La <strong>PIEPS PELLE T825 PRO+<\/strong> est la pelle id\u00e9ale pour les professionnels. Gr\u00e2ce \u00e0 sa scie \u00e0 neige int\u00e9gr\u00e9e et \u00e0 son grand godet, elle est parfaitement adapt\u00e9e \u00e0 l\u2019analyse du manteau neigeux et \u00e0 la construction d\u2019un bivouac.<\/p>\n","protected":false},"featured_media":8560,"comment_status":"open","ping_status":"closed","template":"","meta":{"_acf_changed":true,"inline_featured_image":false},"product_brand":[],"product_cat":[945,947],"product_tag":[],"class_list":{"0":"post-8559","1":"product","2":"type-product","3":"status-publish","4":"has-post-thumbnail","6":"product_cat-pelles","7":"product_cat-pelles-t","9":"first","10":"instock","11":"taxable","12":"shipping-taxable","13":"purchasable","14":"product-type-simple"},"acf":[],"_links":{"self":[{"href":"https:\/\/www.pieps.com\/fr\/wp-json\/wp\/v2\/product\/8559","targetHints":{"allow":["GET"]}}],"collection":[{"href":"https:\/\/www.pieps.com\/fr\/wp-json\/wp\/v2\/product"}],"about":[{"href":"https:\/\/www.pieps.com\/fr\/wp-json\/wp\/v2\/types\/product"}],"replies":[{"embeddable":true,"href":"https:\/\/www.pieps.com\/fr\/wp-json\/wp\/v2\/comments?post=8559"}],"wp:featuredmedia":[{"embeddable":true,"href":"https:\/\/www.pieps.com\/fr\/wp-json\/wp\/v2\/media\/8560"}],"wp:attachment":[{"href":"https:\/\/www.pieps.com\/fr\/wp-json\/wp\/v2\/media?parent=8559"}],"wp:term":[{"taxonomy":"product_brand","embeddable":true,"href":"https:\/\/www.pieps.com\/fr\/wp-json\/wp\/v2\/product_brand?post=8559"},{"taxonomy":"product_cat","embeddable":true,"href":"https:\/\/www.pieps.com\/fr\/wp-json\/wp\/v2\/product_cat?post=8559"},{"taxonomy":"product_tag","embeddable":true,"href":"https:\/\/www.pieps.com\/fr\/wp-json\/wp\/v2\/product_tag?post=8559"}],"curies":[{"name":"wp","href":"https:\/\/api.w.org\/{rel}","templated":true}]}}