{"id":8478,"date":"2025-10-01T09:00:00","date_gmt":"2025-10-01T07:00:00","guid":{"rendered":"https:\/\/www.pieps.com\/product\/mini-ips\/"},"modified":"2026-04-02T17:26:28","modified_gmt":"2026-04-02T15:26:28","slug":"mini-ips","status":"publish","type":"product","link":"https:\/\/www.pieps.com\/fr\/produit\/mini-ips\/","title":{"rendered":"MINI IPS"},"content":{"rendered":"<div class=\"l-outer-container c-color__bg-color--dawn c-color__color--primary\" style=\"\"><div class=\"l-outer-container__inner\" id=\"container-69f561f1ade40\">    <div class=\"l-container\"><div class=\"l-gutenberg-block \">\n<div id=\"tipp-block_3060ce4210626eb1c8dc930c11f3046f\" class=\"c-tipp  \">\n\n  <div class=\"c-tipp__image\" style=\"background-image: url();\">\n    <div class=\"l-container\">\n      <div class=\"c-tipp__text c-wysiwyg\">\n        <h3 style=\"text-align: right;\"><span style=\"color: #fad50a;\">Test DAV : le MINI IPS convainc sur toute la ligne<\/span><\/h3>\n<p style=\"text-align: right;\"><span style=\"color: #203239;\"><span style=\"color: #ffffff;\">Le <strong>service de recherche en s\u00e9curit\u00e9 du Club Alpin Allemand (DAV)<\/strong> a d\u00e9j\u00e0 test\u00e9 en d\u00e9tail le MINI IPS et l\u2019a \u00e9valu\u00e9<\/span><br \/>\n<span style=\"color: #ffffff;\"><strong>de \u00ab bon \u00bb \u00e0 \u00ab tr\u00e8s bon \u00bb dans tous les crit\u00e8res d\u2019\u00e9valuation<\/strong>.<\/span><br \/>\n<span style=\"color: #ffffff;\">Vous pouvez consulter le rapport de test complet <a style=\"color: #ffffff;\" href=\"https:\/\/www.alpenverein.de\/artikel\/lvs-test-update-2025_cf0b1798-d464-45f5-a850-bffdad6ce476\">ici<\/a>.<\/span><\/span><\/p>\n      <\/div>\n    <\/div>\n  <\/div>\n\n<\/div>\n<\/div><\/div><\/div><\/div>\n\n<div class=\"l-container\"><div class=\"l-gutenberg-block \"><section id=\"product-tabs-block_eebb1fd8757831999d715e1287e55906\" class=\"c-product-tabs \">\n      <div class=\"c-single-product__tabs\">\n      <div class=\"c-single-product__tab-titles\">\n                            <div class=\"c-single-product__tab-title js-single-product__tab-title is-active\" data-index=\"0\">\n            MINI IPS          <\/div>\n                            <div class=\"c-single-product__tab-title js-single-product__tab-title \" data-index=\"1\">\n            Search Assist Plus          <\/div>\n                            <div class=\"c-single-product__tab-title js-single-product__tab-title \" data-index=\"2\">\n            Fonctions          <\/div>\n                            <div class=\"c-single-product__tab-title js-single-product__tab-title \" data-index=\"3\">\n            Interference Protection System          <\/div>\n                            <div class=\"c-single-product__tab-title js-single-product__tab-title \" data-index=\"4\">\n            Manual          <\/div>\n              <\/div>\n\n      <div class=\"c-single-product__tab-contents\">\n                            <div class=\"c-single-product__tab-content is-active\" data-index=\"0\">\n            <div class=\"l-row\">\n\n\n                                                <div class=\"l-col l-col-6 l-col-m-12 u-margin-bottom-m-30 c-wysiwyg\"><h2>&#8220;PETIT FORMAT. S\u00c9CURIT\u00c9 MAXIMALE.&#8221;<\/h2>\n<p>&nbsp;<\/p>\n<p data-start=\"252\" data-end=\"560\"><strong data-start=\"252\" data-end=\"332\">Le PIEPS MINI IPS int\u00e8gre une technologie DVA haut de gamme dans un format ultra-compact.<\/strong><br data-start=\"332\" data-end=\"335\" \/>Avec une <strong data-start=\"345\" data-end=\"376\">largeur de bande de recherche de 50 m<\/strong> et <strong data-start=\"381\" data-end=\"403\">Search Assist Plus,<\/strong> l\u2019assistance visuelle \u00e0 la recherche avec <strong data-start=\"434\" data-end=\"466\">des instructions pictographiques,<\/strong> il guide intuitivement l\u2019utilisateur vers la victime gr\u00e2ce \u00e0 une conduite du signal particuli\u00e8rement stable.<\/p>\n<p data-start=\"562\" data-end=\"733\">Le <strong data-start=\"577\" data-end=\"617\">Interference Protection System (IPS)<\/strong> innovant garantit en outre une stabilit\u00e9 maximale du signal et prot\u00e8ge efficacement contre les interf\u00e9rences \u00e9lectroniques en mode \u00e9mission.<\/p>\n<p data-start=\"735\" data-end=\"975\">Gr\u00e2ce \u00e0 sa <strong data-start=\"744\" data-end=\"768\">prise en main intuitive<\/strong>, le MINI IPS est le choix id\u00e9al aussi bien pour les d\u00e9butants \u00e0 la recherche d\u2019une s\u00e9curit\u00e9 maximale que pour les pratiquants exp\u00e9riment\u00e9s souhaitant un appareil compact dot\u00e9 d\u2019une <strong data-start=\"928\" data-end=\"961\">technologie avanc\u00e9e<\/strong>.<\/p>\n<p data-start=\"977\" data-end=\"1128\">Gr\u00e2ce \u00e0 la <strong data-start=\"986\" data-end=\"999\">PIEPS App<\/strong>, les mises \u00e0 jour du firmware peuvent \u00eatre effectu\u00e9es rapidement et les r\u00e9glages de l\u2019appareil adapt\u00e9s individuellement, simplement et confortablement.<\/p>\n<\/div>\n                \n                                  <div class=\"l-col l-col-6 l-col-m-12 c-wysiwyg\"><p><iframe loading=\"lazy\" title=\"PIEPS MINI IPS Animation\" src=\"https:\/\/player.vimeo.com\/video\/1050793598?dnt=1&amp;app_id=122963\" width=\"500\" height=\"281\" frameborder=\"0\" allow=\"autoplay; fullscreen; picture-in-picture; clipboard-write; encrypted-media; web-share\" referrerpolicy=\"strict-origin-when-cross-origin\"><\/iframe><\/p>\n<\/div>\n                                          <\/div>\n          <\/div>\n                            <div class=\"c-single-product__tab-content \" data-index=\"1\">\n            <div class=\"l-row\">\n\n\n                                                <div class=\"l-col l-col-6 l-col-m-12 u-margin-bottom-m-30 c-wysiwyg\"><blockquote>\n<h3 data-start=\"179\" data-end=\"265\">Search Assist Plus \u2013 Assistance visuelle pour adopter la bonne vitesse de recherche<\/h3>\n<p>&nbsp;<\/p><\/blockquote>\n<p data-start=\"267\" data-end=\"394\">Une recherche DVA r\u00e9ussie ne d\u00e9pend pas uniquement de la port\u00e9e et de la stabilit\u00e9 du signal, mais aussi de la <strong data-start=\"368\" data-end=\"391\">bonne vitesse de recherche<\/strong>.<\/p>\n<ul data-start=\"396\" data-end=\"727\">\n<li data-start=\"396\" data-end=\"493\">\n<p data-start=\"398\" data-end=\"493\">Lors de la <strong data-start=\"405\" data-end=\"418\">recherche primaire<\/strong>, il est important de se d\u00e9placer rapidement afin de capter le signal le plus t\u00f4t possible.<\/p>\n<\/li>\n<li data-start=\"494\" data-end=\"614\">\n<p data-start=\"496\" data-end=\"614\">Lors de la <strong data-start=\"503\" data-end=\"516\">recherche fine<\/strong>, la pr\u00e9cision devient essentielle : il faut r\u00e9duire la vitesse et maintenir l\u2019appareil pr\u00e8s de la surface de la neige.<\/p>\n<\/li>\n<li data-start=\"615\" data-end=\"727\">\n<p data-start=\"617\" data-end=\"727\">Une progression trop rapide ou trop h\u00e9sitante peut faire perdre un temps pr\u00e9cieux ou conduire \u00e0 mal interpr\u00e9ter, voire manquer, des signaux.<\/p>\n<\/li>\n<\/ul>\n<p data-start=\"729\" data-end=\"1056\"><strong data-start=\"729\" data-end=\"772\">C\u2019est pr\u00e9cis\u00e9ment l\u00e0 qu\u2019intervient Search Assist Plus :<\/strong><br data-start=\"772\" data-end=\"775\" \/>En haut de l\u2019\u00e9cran, un petit <strong data-start=\"818\" data-end=\"836\">pictogramme<\/strong> indique \u00e0 quelle vitesse il convient de se d\u00e9placer. Cette <strong data-start=\"889\" data-end=\"920\">repr\u00e9sentation pictographique<\/strong> offre une orientation claire : acc\u00e9l\u00e9rer, ralentir de mani\u00e8re contr\u00f4l\u00e9e ou rapprocher l\u2019appareil de la neige.<\/p>\n<p data-start=\"1058\" data-end=\"1338\"><strong data-start=\"1058\" data-end=\"1075\">Le r\u00e9sultat :<\/strong> la recherche devient plus intuitive, plus fluide et mieux ma\u00eetris\u00e9e, en particulier pour les utilisateurs moins exp\u00e9riment\u00e9s. Mais m\u00eame les professionnels en b\u00e9n\u00e9ficient, car cette assistance visuelle aide \u00e0 conserver la bonne vitesse sous stress et \u00e0 ne manquer aucun signal.<\/p>\n<\/div>\n                \n                                  <div class=\"l-col l-col-6 l-col-m-12 c-wysiwyg\"><p>&nbsp;<\/p>\n<p>&nbsp;<\/p>\n<p>&nbsp;<\/p>\n<p><img loading=\"lazy\" decoding=\"async\" class=\"size-full wp-image-7429 aligncenter\" src=\"https:\/\/www.pieps.com\/wp-content\/uploads\/2025\/10\/saplus_web.gif\" alt=\"\" width=\"174\" height=\"300\" \/><\/p>\n<\/div>\n                                          <\/div>\n          <\/div>\n                            <div class=\"c-single-product__tab-content \" data-index=\"2\">\n            <div class=\"l-row\">\n\n\n                                                <div class=\"l-col l-col-6 l-col-m-12 u-margin-bottom-m-30 c-wysiwyg\"><p><strong>AUTO SEARCH-TO-SEND (retour automatique)<br \/>\n<\/strong>En cas d\u2019avalanche secondaire, le DVA passe automatiquement du mode recherche au mode \u00e9mission apr\u00e8s un certain temps d\u2019inactivit\u00e9 (lorsque le capteur de mouvement ne d\u00e9tecte aucun mouvement).<\/p>\n<p><strong data-start=\"175\" data-end=\"190\">GROUP CHECK<\/strong><br data-start=\"190\" data-end=\"193\" \/>Le contr\u00f4le de groupe permet de v\u00e9rifier rapidement, facilement et de mani\u00e8re fiable tous les DVA avant le d\u00e9part. Le MINI IPS indique si chaque appareil \u00e9met correctement, afin que le groupe parte avec la certitude d\u2019\u00eatre parfaitement pr\u00e9par\u00e9. Via la PIEPS App, la distance du contr\u00f4le de groupe peut \u00e9galement \u00eatre r\u00e9gl\u00e9e sur 3 m \u2013 id\u00e9al pour une utilisation avec des motoneiges.<\/p>\n<p>&nbsp;<\/p>\n<p>&nbsp;<\/p>\n<p>&nbsp;<\/p>\n<p>&nbsp;<\/p>\n<\/div>\n                \n                                  <div class=\"l-col l-col-6 l-col-m-12 c-wysiwyg\"><p><strong>GHOST SIGNAL ELIMINATION<\/strong><br \/>\nLe contr\u00f4le avanc\u00e9 des signaux PIEPS n\u2019affiche que les signaux provenant de DVA et \u00e9limine les \u00ab faux signaux \u00bb provenant d\u2019autres sources.<\/p>\n<p>&nbsp;<\/p>\n<p><strong data-start=\"118\" data-end=\"133\">APP-SUPPORT<\/strong><br data-start=\"133\" data-end=\"136\" \/>La PIEPS App permet d\u2019effectuer les mises \u00e0 jour du firmware et d\u2019adapter individuellement les r\u00e9glages de l\u2019appareil. Elle permet \u00e9galement de r\u00e9aliser un <strong data-start=\"277\" data-end=\"307\">contr\u00f4le de l\u2019appareil assist\u00e9 par l\u2019application<\/strong>, qui v\u00e9rifie l\u2019ensemble des fonctions, ainsi que de cr\u00e9er des sc\u00e9narios d\u2019entra\u00eenement \u2013 pour plus de s\u00e9curit\u00e9 et de r\u00e9alisme.<\/p>\n<\/div>\n                                          <\/div>\n          <\/div>\n                            <div class=\"c-single-product__tab-content \" data-index=\"3\">\n            <div class=\"l-row\">\n\n\n                                                <div class=\"l-col l-col-6 l-col-m-12 u-margin-bottom-m-30 c-wysiwyg\"><blockquote>\n<h2><strong>INTERFERENCE PROTECTION SYSTEM (IPS)<\/strong><\/h2>\n<\/blockquote>\n<blockquote><p><strong>&#8220;MIEUX ON \u00c9MET, MIEUX ON EST RETROUV\u00c9.&#8221;<\/strong><\/p><\/blockquote>\n<p>Cette technologie unique compense l\u2019influence des interf\u00e9rences \u00e9lectroniques et m\u00e9talliques sur l\u2019appareil en mode \u00e9mission en analysant les perturbations et en s\u2019y adaptant. Ainsi, le PIEPS MINI IPS fournit une puissance d\u2019\u00e9mission maximale.<br \/>\nLes utilisateurs du PIEPS MINI IPS sont donc mieux prot\u00e9g\u00e9s contre les interf\u00e9rences susceptibles de r\u00e9duire la performance d\u2019\u00e9mission en situation r\u00e9elle.<\/p>\n<p>Les produits \u00e9lectroniques peuvent g\u00e9n\u00e9rer une grande vari\u00e9t\u00e9 d\u2019interf\u00e9rences. Gr\u00e2ce au syst\u00e8me IPS, nous pouvons en compenser une grande partie, mais il n\u2019est pas possible d\u2019exclure totalement toutes les perturbations.<br \/>\nNous recommandons donc toujours de respecter une distance minimale de 20 cm par rapport aux sources potentielles d\u2019interf\u00e9rences en mode \u00e9mission, et de 50 cm en mode recherche.<\/p>\n<div style=\"padding: 56.25% 0 0 0; position: relative;\"><iframe style=\"position: absolute; top: 0; left: 0; width: 100%; height: 100%;\" title=\"PIEPS PRO-IPS\" src=\"https:\/\/player.vimeo.com\/video\/781397280?h=7fee964402&amp;badge=0&amp;autopause=0&amp;player_id=0&amp;app_id=58479\" frameborder=\"0\"><\/iframe><\/div>\n<p><script src=\"https:\/\/player.vimeo.com\/api\/player.js\"><\/script><\/p>\n<\/div>\n                \n                                  <div class=\"l-col l-col-6 l-col-m-12 c-wysiwyg\"><p><img loading=\"lazy\" decoding=\"async\" class=\"alignnone size-full wp-image-2761\" src=\"https:\/\/www.pieps.com\/wp-content\/uploads\/2023\/05\/ips-infographic-icon-final_rgb-01.jpg\" alt=\"\" width=\"2363\" height=\"2363\" srcset=\"https:\/\/www.pieps.com\/wp-content\/uploads\/2023\/05\/ips-infographic-icon-final_rgb-01.jpg 2363w, https:\/\/www.pieps.com\/wp-content\/uploads\/2023\/05\/ips-infographic-icon-final_rgb-01-150x150.jpg 150w, https:\/\/www.pieps.com\/wp-content\/uploads\/2023\/05\/ips-infographic-icon-final_rgb-01-300x300.jpg 300w, https:\/\/www.pieps.com\/wp-content\/uploads\/2023\/05\/ips-infographic-icon-final_rgb-01-768x768.jpg 768w, https:\/\/www.pieps.com\/wp-content\/uploads\/2023\/05\/ips-infographic-icon-final_rgb-01-1024x1024.jpg 1024w, https:\/\/www.pieps.com\/wp-content\/uploads\/2023\/05\/ips-infographic-icon-final_rgb-01-1536x1536.jpg 1536w, https:\/\/www.pieps.com\/wp-content\/uploads\/2023\/05\/ips-infographic-icon-final_rgb-01-2048x2048.jpg 2048w, https:\/\/www.pieps.com\/wp-content\/uploads\/2023\/05\/ips-infographic-icon-final_rgb-01-400x400.jpg 400w, https:\/\/www.pieps.com\/wp-content\/uploads\/2023\/05\/ips-infographic-icon-final_rgb-01-600x600.jpg 600w, https:\/\/www.pieps.com\/wp-content\/uploads\/2023\/05\/ips-infographic-icon-final_rgb-01-100x100.jpg 100w\" sizes=\"auto, (max-width: 2363px) 100vw, 2363px\" \/><\/p>\n<\/div>\n                                          <\/div>\n          <\/div>\n                            <div class=\"c-single-product__tab-content \" data-index=\"4\">\n            <div class=\"l-row\">\n\n\n                              <div class=\"l-col l-col-12 u-margin-bottom-m-30 c-wysiwyg\">\n                                        <a class=\"c-file\" href=\"https:\/\/www.pieps.com\/wp-content\/uploads\/2025\/10\/qsg_miniips_web.pdf\" target=\"_blank\">\n                        <div class=\"c-file__title\">\n                          QSG_MiniIPS_web                        <\/div>\n                        <div class=\"c-file__icon-holder\">\n                          <svg class=\"c-file__icon\" xmlns=\"http:\/\/www.w3.org\/2000\/svg\" viewBox=\"0 0 384 512\"><!--! Font Awesome Pro 6.2.0 by @fontawesome - https:\/\/fontawesome.com License - https:\/\/fontawesome.com\/license (Commercial License) Copyright 2022 Fonticons, Inc. --><path d=\"M64 0C28.7 0 0 28.7 0 64V448c0 35.3 28.7 64 64 64H320c35.3 0 64-28.7 64-64V160H256c-17.7 0-32-14.3-32-32V0H64zM256 0V128H384L256 0zM216 232V334.1l31-31c9.4-9.4 24.6-9.4 33.9 0s9.4 24.6 0 33.9l-72 72c-9.4 9.4-24.6 9.4-33.9 0l-72-72c-9.4-9.4-9.4-24.6 0-33.9s24.6-9.4 33.9 0l31 31V232c0-13.3 10.7-24 24-24s24 10.7 24 24z\"\/><\/svg>                        <\/div>\n                      <\/a>\n                                    <\/div>\n                          <\/div>\n          <\/div>\n              <\/div>\n    <\/div>\n    <\/section><\/div><\/div>\n\n<div class=\"l-outer-container c-color__bg-color--secondary c-color__color--primary\" style=\"\"><div class=\"l-outer-container__inner\" id=\"container-69f561f1b2bff\">    <div class=\"l-container\"><div class=\"l-gutenberg-block \">\n<div id=\"tipp-block_b7e406d8550473b2e747bf5481effaf5\" class=\"c-tipp  \">\n\n  <div class=\"c-tipp__image\" style=\"background-image: url();\">\n    <div class=\"l-container\">\n      <div class=\"c-tipp__text c-wysiwyg\">\n        <h4>LE SAVIEZ-VOUS ?<\/h4>\n<p><em>Les indications de port\u00e9e ne sont pas normalis\u00e9es et il n\u2019existe aucune instance centrale charg\u00e9e de les d\u00e9terminer.<\/em> <em>Cette responsabilit\u00e9 revient aux fabricants ! Dans la section suivante, nous expliquons comment nous d\u00e9finissons nos port\u00e9es.<\/em><\/p>\n      <\/div>\n    <\/div>\n  <\/div>\n\n<\/div>\n<\/div><\/div><\/div><\/div>\n\n<div class=\"l-container\">\n<p><\/p>\n<\/div><!--CORE: l-container-->","protected":false},"excerpt":{"rendered":"<p>Le <strong data-start=\"225\" data-end=\"243\">PIEPS MINI IPS<\/strong> est un d\u00e9tecteur de victimes d\u2019avalanche (DVA) compact qui int\u00e8gre la technologie avanc\u00e9e de PIEPS dans un format pratique. Avec une <strong data-start=\"375\" data-end=\"407\">largeur de bande de recherche de 50 m\u00e8tres<\/strong> et le <strong data-start=\"412\" data-end=\"434\">Search Assist Plus<\/strong>, l\u2019assistance visuelle \u00e0 la recherche avec instructions pictographiques, il guide intuitivement l\u2019utilisateur tout au long du processus de recherche. Le <strong data-start=\"565\" data-end=\"605\">Interference Protection System (IPS)<\/strong> innovant minimise les interf\u00e9rences en mode \u00e9mission et garantit une transmission stable du signal. Gr\u00e2ce \u00e0 sa <strong data-start=\"691\" data-end=\"710\">conception robuste<\/strong>, sa <strong data-start=\"712\" data-end=\"739\">longue autonomie<\/strong> et sa <strong data-start=\"744\" data-end=\"771\">connectivit\u00e9 Bluetooth<\/strong>, le MINI IPS est un compagnon fiable aussi bien pour les d\u00e9butants que pour les pratiquants exp\u00e9riment\u00e9s en terrain alpin. Gr\u00e2ce \u00e0 la <strong data-start=\"914\" data-end=\"973\">qualit\u00e9 de traitement du signal de PIEPS, leader du secteur<\/strong>, il offre une indication de direction particuli\u00e8rement claire, constante et fiable en situation d\u2019urgence.<\/p>\n","protected":false},"featured_media":7996,"comment_status":"open","ping_status":"closed","template":"","meta":{"_acf_changed":true,"inline_featured_image":false},"product_brand":[],"product_cat":[481],"product_tag":[],"class_list":{"0":"post-8478","1":"product","2":"type-product","3":"status-publish","4":"has-post-thumbnail","6":"product_cat-dva","8":"first","9":"instock","10":"taxable","11":"shipping-taxable","12":"purchasable","13":"product-type-simple"},"acf":[],"_links":{"self":[{"href":"https:\/\/www.pieps.com\/fr\/wp-json\/wp\/v2\/product\/8478","targetHints":{"allow":["GET"]}}],"collection":[{"href":"https:\/\/www.pieps.com\/fr\/wp-json\/wp\/v2\/product"}],"about":[{"href":"https:\/\/www.pieps.com\/fr\/wp-json\/wp\/v2\/types\/product"}],"replies":[{"embeddable":true,"href":"https:\/\/www.pieps.com\/fr\/wp-json\/wp\/v2\/comments?post=8478"}],"wp:featuredmedia":[{"embeddable":true,"href":"https:\/\/www.pieps.com\/fr\/wp-json\/wp\/v2\/media\/7996"}],"wp:attachment":[{"href":"https:\/\/www.pieps.com\/fr\/wp-json\/wp\/v2\/media?parent=8478"}],"wp:term":[{"taxonomy":"product_brand","embeddable":true,"href":"https:\/\/www.pieps.com\/fr\/wp-json\/wp\/v2\/product_brand?post=8478"},{"taxonomy":"product_cat","embeddable":true,"href":"https:\/\/www.pieps.com\/fr\/wp-json\/wp\/v2\/product_cat?post=8478"},{"taxonomy":"product_tag","embeddable":true,"href":"https:\/\/www.pieps.com\/fr\/wp-json\/wp\/v2\/product_tag?post=8478"}],"curies":[{"name":"wp","href":"https:\/\/api.w.org\/{rel}","templated":true}]}}