{"id":8806,"date":"2023-07-25T16:17:03","date_gmt":"2023-07-25T14:17:03","guid":{"rendered":"https:\/\/www.pieps.com\/new_blog\/"},"modified":"2026-04-28T13:46:06","modified_gmt":"2026-04-28T11:46:06","slug":"new_blog","status":"publish","type":"page","link":"https:\/\/www.pieps.com\/fr\/new_blog\/","title":{"rendered":"Blog"},"content":{"rendered":"<div class=\"l-container c-color__color--primary\"><div class=\"l-gutenberg-block \">\n<div id=\"blog-overview-block_cace2bd96c83fb1f0f3632dc5bbcd952\" class=\"c-blog-overview  \">\n\n  <section class=\"c-archive c-archive--page\">\n\n    <header class=\"c-entry__header\">\n            <div class=\"c-entry__header-inner\">\n        <div class=\"l-container\">\n          <div class=\"c-entry__header-content\">\n            <h1 class=\"c-page-header__title\"> Blog<\/h1>\n          <\/div>\n        <\/div>\n      <\/div>\n    <\/header><!-- .page-header -->\n\n            <div class=\"l-container\">\n    <div class=\"c-entry__archive-filter\">\n      Kategorien    <\/div>\n    <div class=\"js-entry-main\" data-id=\"\"><\/div>\n    <div class=\"c-entry__archive-subcategories\">\n      <a class=\"c-entry__archive-subcategory c-entry__archive-subcategory-all js-entry-subcategory-all\" href=\"#\" data-id=\"all\">\n        Alle Kategorien      <\/a>\n              <a class=\"c-entry__archive-subcategory js-entry-subcategory\" href=\"#\" data-id=\"943\">\n          savoir-faire          <svg class=\"c-entry__archive-checkmark\" xmlns=\"http:\/\/www.w3.org\/2000\/svg\" viewBox=\"0 0 448 512\"><!--! Font Awesome Pro 6.1.1 by @fontawesome - https:\/\/fontawesome.com License - https:\/\/fontawesome.com\/license (Commercial License) Copyright 2022 Fonticons, Inc. --><path d=\"M438.6 105.4C451.1 117.9 451.1 138.1 438.6 150.6L182.6 406.6C170.1 419.1 149.9 419.1 137.4 406.6L9.372 278.6C-3.124 266.1-3.124 245.9 9.372 233.4C21.87 220.9 42.13 220.9 54.63 233.4L159.1 338.7L393.4 105.4C405.9 92.88 426.1 92.88 438.6 105.4H438.6z\"\/><\/svg>        <\/a>\n          <\/div>\n  <\/div>\n      \n          <div class=\"l-container\">\n        <div class=\"l-row c-entry__archive\">\n            <div class=\"l-col l-col-4 l-col-l-6 l-col-s-12\">\n    <a class=\"c-entry__preview\" href=\"https:\/\/www.pieps.com\/fr\/2021\/05\/05\/einsommern-der-lawinen-notfall-ausruestung\/\">\n    <div class=\"c-entry__preview-image-holder\">\n              <img loading=\"lazy\" decoding=\"async\" width=\"400\" height=\"400\" src=\"https:\/\/www.pieps.com\/wp-content\/uploads\/2022\/10\/js_200308_pieps_03308-400x400.jpg\" class=\"c-entry__preview-image\" alt=\"\" srcset=\"https:\/\/www.pieps.com\/wp-content\/uploads\/2022\/10\/js_200308_pieps_03308-400x400.jpg 400w, https:\/\/www.pieps.com\/wp-content\/uploads\/2022\/10\/js_200308_pieps_03308-150x150.jpg 150w, https:\/\/www.pieps.com\/wp-content\/uploads\/2022\/10\/js_200308_pieps_03308-300x300.jpg 300w, https:\/\/www.pieps.com\/wp-content\/uploads\/2022\/10\/js_200308_pieps_03308-100x100.jpg 100w\" sizes=\"auto, (max-width: 400px) 100vw, 400px\" \/>          <\/div>\n    <div class=\"c-entry__preview-content\">\n      <div class=\"c-entry__preview-title\">\n        Stockage estival de l\u2019\u00e9quipement de s\u00e9curit\u00e9 avalanche      <\/div>\n      <div class=\"c-entry__preview-excerpt\">\n        La plupart des randonneurs \u00e0 ski et freeriders ont d\u00e9j\u00e0 termin\u00e9 la saison hivernale. Certains profitent encore de l\u2019enneigement en haute altitude, mais m\u00eame l\u00e0, la fin approche. Il est temps de v\u00e9rifier l\u2019\u00e9quipement de s\u00e9curit\u00e9 hivernal et de le stocker correctement pour la saison 21\/22.      <\/div>\n      <div class=\"c-entry__preview-link\">\n        weiterlesen      <\/div>\n    <\/div>\n  <\/a>\n  <\/div>\n          <\/div>\n      <\/div>\n\n      <div class=\"js-entry-archive-pagination-holder\">\n                  <nav class=\"c-pagination js-entry-archive-pagination\">\n      <\/nav>\n        <\/div>\n      <\/section>\n<\/div>\n\n<\/div><\/div>","protected":false},"excerpt":{"rendered":"","protected":false},"author":3,"featured_media":0,"parent":0,"menu_order":0,"comment_status":"closed","ping_status":"closed","template":"","meta":{"_acf_changed":false,"inline_featured_image":false,"footnotes":""},"class_list":["post-8806","page","type-page","status-publish","hentry"],"acf":[],"_links":{"self":[{"href":"https:\/\/www.pieps.com\/fr\/wp-json\/wp\/v2\/pages\/8806","targetHints":{"allow":["GET"]}}],"collection":[{"href":"https:\/\/www.pieps.com\/fr\/wp-json\/wp\/v2\/pages"}],"about":[{"href":"https:\/\/www.pieps.com\/fr\/wp-json\/wp\/v2\/types\/page"}],"author":[{"embeddable":true,"href":"https:\/\/www.pieps.com\/fr\/wp-json\/wp\/v2\/users\/3"}],"replies":[{"embeddable":true,"href":"https:\/\/www.pieps.com\/fr\/wp-json\/wp\/v2\/comments?post=8806"}],"version-history":[{"count":1,"href":"https:\/\/www.pieps.com\/fr\/wp-json\/wp\/v2\/pages\/8806\/revisions"}],"predecessor-version":[{"id":8807,"href":"https:\/\/www.pieps.com\/fr\/wp-json\/wp\/v2\/pages\/8806\/revisions\/8807"}],"wp:attachment":[{"href":"https:\/\/www.pieps.com\/fr\/wp-json\/wp\/v2\/media?parent=8806"}],"curies":[{"name":"wp","href":"https:\/\/api.w.org\/{rel}","templated":true}]}}