{"id":8758,"date":"2022-11-02T18:29:09","date_gmt":"2022-11-02T17:29:09","guid":{"rendered":"https:\/\/www.pieps.com\/conformity\/"},"modified":"2026-04-28T13:13:56","modified_gmt":"2026-04-28T11:13:56","slug":"conformity","status":"publish","type":"page","link":"https:\/\/www.pieps.com\/fr\/conformity\/","title":{"rendered":"Conformit\u00e9"},"content":{"rendered":"<div class=\"l-container\">\n<p><\/p>\n<\/div><!--CORE: l-container-->\n\n<div class=\"l-container\"><div class=\"l-gutenberg-block u-padding-bottom-25\">\n<div id=\"text-block_24c391da54da032bb13eec0a0ffbc493\" class=\"c-text  \">\n\n  <div class=\"c-text__title\">\n      <\/div>\n\n  <div class=\"c-text__content\">\n    <div class=\"c-text__text c-wysiwyg\">\n      <h1>Conformit\u00e9<\/h1>\n<p>Les documents PDF mis \u00e0 disposition ici fournissent des informations compl\u00e9mentaires concernant la conformit\u00e9 de nos produits.<\/p>\n<p>&nbsp;<\/p>\n    <\/div>\n\n      <\/div>\n<\/div>\n<\/div><\/div>\n\n<div class=\"l-container\"><div class=\"l-gutenberg-block u-padding-bottom-75\"><section id=\"downloads-block_f9da9e6281fc451419ebabd51e963a3f\" class=\"c-downloads \">\n      <a class=\"c-file\" href=\"https:\/\/www.pieps.com\/wp-content\/uploads\/2025\/11\/doc_112904_pieps_mini_ips.pdf\" target=\"_blank\">\n      <div class=\"c-file__title\">\n        doc_112904_PIEPS_MINI_IPS      <\/div>\n      <div class=\"c-file__icon-holder\">\n        <svg class=\"c-file__icon\" xmlns=\"http:\/\/www.w3.org\/2000\/svg\" viewBox=\"0 0 384 512\"><!--! Font Awesome Pro 6.2.0 by @fontawesome - https:\/\/fontawesome.com License - https:\/\/fontawesome.com\/license (Commercial License) Copyright 2022 Fonticons, Inc. --><path d=\"M64 0C28.7 0 0 28.7 0 64V448c0 35.3 28.7 64 64 64H320c35.3 0 64-28.7 64-64V160H256c-17.7 0-32-14.3-32-32V0H64zM256 0V128H384L256 0zM216 232V334.1l31-31c9.4-9.4 24.6-9.4 33.9 0s9.4 24.6 0 33.9l-72 72c-9.4 9.4-24.6 9.4-33.9 0l-72-72c-9.4-9.4-9.4-24.6 0-33.9s24.6-9.4 33.9 0l31 31V232c0-13.3 10.7-24 24-24s24 10.7 24 24z\"\/><\/svg>      <\/div>\n    <\/a>\n      <a class=\"c-file\" href=\"https:\/\/www.pieps.com\/wp-content\/uploads\/2025\/08\/doc_112903_pieps-pro-ips.pdf\" target=\"_blank\">\n      <div class=\"c-file__title\">\n        doc_112903_PIEPS PRO IPS      <\/div>\n      <div class=\"c-file__icon-holder\">\n        <svg class=\"c-file__icon\" xmlns=\"http:\/\/www.w3.org\/2000\/svg\" viewBox=\"0 0 384 512\"><!--! Font Awesome Pro 6.2.0 by @fontawesome - https:\/\/fontawesome.com License - https:\/\/fontawesome.com\/license (Commercial License) Copyright 2022 Fonticons, Inc. --><path d=\"M64 0C28.7 0 0 28.7 0 64V448c0 35.3 28.7 64 64 64H320c35.3 0 64-28.7 64-64V160H256c-17.7 0-32-14.3-32-32V0H64zM256 0V128H384L256 0zM216 232V334.1l31-31c9.4-9.4 24.6-9.4 33.9 0s9.4 24.6 0 33.9l-72 72c-9.4 9.4-24.6 9.4-33.9 0l-72-72c-9.4-9.4-9.4-24.6 0-33.9s24.6-9.4 33.9 0l31 31V232c0-13.3 10.7-24 24-24s24 10.7 24 24z\"\/><\/svg>      <\/div>\n    <\/a>\n      <a class=\"c-file\" href=\"https:\/\/www.pieps.com\/wp-content\/uploads\/2022\/11\/doc_110062_i_pieps-pro-bt-beacon.pdf\" target=\"_blank\">\n      <div class=\"c-file__title\">\n        DOC_110062_I_PIEPS PRO BT BEACON      <\/div>\n      <div class=\"c-file__icon-holder\">\n        <svg class=\"c-file__icon\" xmlns=\"http:\/\/www.w3.org\/2000\/svg\" viewBox=\"0 0 384 512\"><!--! Font Awesome Pro 6.2.0 by @fontawesome - https:\/\/fontawesome.com License - https:\/\/fontawesome.com\/license (Commercial License) Copyright 2022 Fonticons, Inc. --><path d=\"M64 0C28.7 0 0 28.7 0 64V448c0 35.3 28.7 64 64 64H320c35.3 0 64-28.7 64-64V160H256c-17.7 0-32-14.3-32-32V0H64zM256 0V128H384L256 0zM216 232V334.1l31-31c9.4-9.4 24.6-9.4 33.9 0s9.4 24.6 0 33.9l-72 72c-9.4 9.4-24.6 9.4-33.9 0l-72-72c-9.4-9.4-9.4-24.6 0-33.9s24.6-9.4 33.9 0l31 31V232c0-13.3 10.7-24 24-24s24 10.7 24 24z\"\/><\/svg>      <\/div>\n    <\/a>\n      <a class=\"c-file\" href=\"https:\/\/www.pieps.com\/wp-content\/uploads\/2022\/11\/doc_110062_ii_pieps-pro-bt-beacon.pdf\" target=\"_blank\">\n      <div class=\"c-file__title\">\n        DOC_110062_II_PIEPS PRO BT BEACON      <\/div>\n      <div class=\"c-file__icon-holder\">\n        <svg class=\"c-file__icon\" xmlns=\"http:\/\/www.w3.org\/2000\/svg\" viewBox=\"0 0 384 512\"><!--! Font Awesome Pro 6.2.0 by @fontawesome - https:\/\/fontawesome.com License - https:\/\/fontawesome.com\/license (Commercial License) Copyright 2022 Fonticons, Inc. --><path d=\"M64 0C28.7 0 0 28.7 0 64V448c0 35.3 28.7 64 64 64H320c35.3 0 64-28.7 64-64V160H256c-17.7 0-32-14.3-32-32V0H64zM256 0V128H384L256 0zM216 232V334.1l31-31c9.4-9.4 24.6-9.4 33.9 0s9.4 24.6 0 33.9l-72 72c-9.4 9.4-24.6 9.4-33.9 0l-72-72c-9.4-9.4-9.4-24.6 0-33.9s24.6-9.4 33.9 0l31 31V232c0-13.3 10.7-24 24-24s24 10.7 24 24z\"\/><\/svg>      <\/div>\n    <\/a>\n      <a class=\"c-file\" href=\"https:\/\/www.pieps.com\/wp-content\/uploads\/2022\/11\/doc_110001_i_pieps-powder-bt-beacon.pdf\" target=\"_blank\">\n      <div class=\"c-file__title\">\n        DOC_110001_I_PIEPS POWDER BT BEACON      <\/div>\n      <div class=\"c-file__icon-holder\">\n        <svg class=\"c-file__icon\" xmlns=\"http:\/\/www.w3.org\/2000\/svg\" viewBox=\"0 0 384 512\"><!--! Font Awesome Pro 6.2.0 by @fontawesome - https:\/\/fontawesome.com License - https:\/\/fontawesome.com\/license (Commercial License) Copyright 2022 Fonticons, Inc. --><path d=\"M64 0C28.7 0 0 28.7 0 64V448c0 35.3 28.7 64 64 64H320c35.3 0 64-28.7 64-64V160H256c-17.7 0-32-14.3-32-32V0H64zM256 0V128H384L256 0zM216 232V334.1l31-31c9.4-9.4 24.6-9.4 33.9 0s9.4 24.6 0 33.9l-72 72c-9.4 9.4-24.6 9.4-33.9 0l-72-72c-9.4-9.4-9.4-24.6 0-33.9s24.6-9.4 33.9 0l31 31V232c0-13.3 10.7-24 24-24s24 10.7 24 24z\"\/><\/svg>      <\/div>\n    <\/a>\n      <a class=\"c-file\" href=\"https:\/\/www.pieps.com\/wp-content\/uploads\/2022\/11\/doc_110001_ii_-pieps-powder-bt-beacon.pdf\" target=\"_blank\">\n      <div class=\"c-file__title\">\n        DOC_110001_II_ PIEPS POWDER BT BEACON      <\/div>\n      <div class=\"c-file__icon-holder\">\n        <svg class=\"c-file__icon\" xmlns=\"http:\/\/www.w3.org\/2000\/svg\" viewBox=\"0 0 384 512\"><!--! Font Awesome Pro 6.2.0 by @fontawesome - https:\/\/fontawesome.com License - https:\/\/fontawesome.com\/license (Commercial License) Copyright 2022 Fonticons, Inc. --><path d=\"M64 0C28.7 0 0 28.7 0 64V448c0 35.3 28.7 64 64 64H320c35.3 0 64-28.7 64-64V160H256c-17.7 0-32-14.3-32-32V0H64zM256 0V128H384L256 0zM216 232V334.1l31-31c9.4-9.4 24.6-9.4 33.9 0s9.4 24.6 0 33.9l-72 72c-9.4 9.4-24.6 9.4-33.9 0l-72-72c-9.4-9.4-9.4-24.6 0-33.9s24.6-9.4 33.9 0l31 31V232c0-13.3 10.7-24 24-24s24 10.7 24 24z\"\/><\/svg>      <\/div>\n    <\/a>\n      <a class=\"c-file\" href=\"https:\/\/www.pieps.com\/wp-content\/uploads\/2022\/11\/doc_112902_pieps-micro-bt-race-beacon.pdf\" target=\"_blank\">\n      <div class=\"c-file__title\">\n        DOC_112902_PIEPS MICRO BT RACE BEACON      <\/div>\n      <div class=\"c-file__icon-holder\">\n        <svg class=\"c-file__icon\" xmlns=\"http:\/\/www.w3.org\/2000\/svg\" viewBox=\"0 0 384 512\"><!--! Font Awesome Pro 6.2.0 by @fontawesome - https:\/\/fontawesome.com License - https:\/\/fontawesome.com\/license (Commercial License) Copyright 2022 Fonticons, Inc. --><path d=\"M64 0C28.7 0 0 28.7 0 64V448c0 35.3 28.7 64 64 64H320c35.3 0 64-28.7 64-64V160H256c-17.7 0-32-14.3-32-32V0H64zM256 0V128H384L256 0zM216 232V334.1l31-31c9.4-9.4 24.6-9.4 33.9 0s9.4 24.6 0 33.9l-72 72c-9.4 9.4-24.6 9.4-33.9 0l-72-72c-9.4-9.4-9.4-24.6 0-33.9s24.6-9.4 33.9 0l31 31V232c0-13.3 10.7-24 24-24s24 10.7 24 24z\"\/><\/svg>      <\/div>\n    <\/a>\n      <a class=\"c-file\" href=\"https:\/\/www.pieps.com\/wp-content\/uploads\/2022\/11\/doc_112901_pieps-micro-bt-button.pdf\" target=\"_blank\">\n      <div class=\"c-file__title\">\n        DOC_112901_PIEPS MICRO BT button      <\/div>\n      <div class=\"c-file__icon-holder\">\n        <svg class=\"c-file__icon\" xmlns=\"http:\/\/www.w3.org\/2000\/svg\" viewBox=\"0 0 384 512\"><!--! Font Awesome Pro 6.2.0 by @fontawesome - https:\/\/fontawesome.com License - https:\/\/fontawesome.com\/license (Commercial License) Copyright 2022 Fonticons, Inc. --><path d=\"M64 0C28.7 0 0 28.7 0 64V448c0 35.3 28.7 64 64 64H320c35.3 0 64-28.7 64-64V160H256c-17.7 0-32-14.3-32-32V0H64zM256 0V128H384L256 0zM216 232V334.1l31-31c9.4-9.4 24.6-9.4 33.9 0s9.4 24.6 0 33.9l-72 72c-9.4 9.4-24.6 9.4-33.9 0l-72-72c-9.4-9.4-9.4-24.6 0-33.9s24.6-9.4 33.9 0l31 31V232c0-13.3 10.7-24 24-24s24 10.7 24 24z\"\/><\/svg>      <\/div>\n    <\/a>\n      <a class=\"c-file\" href=\"https:\/\/www.pieps.com\/wp-content\/uploads\/2022\/11\/doc_112900_pieps-micro-bt-sensor.pdf\" target=\"_blank\">\n      <div class=\"c-file__title\">\n        DOC_112900_PIEPS MICRO BT sensor      <\/div>\n      <div class=\"c-file__icon-holder\">\n        <svg class=\"c-file__icon\" xmlns=\"http:\/\/www.w3.org\/2000\/svg\" viewBox=\"0 0 384 512\"><!--! Font Awesome Pro 6.2.0 by @fontawesome - https:\/\/fontawesome.com License - https:\/\/fontawesome.com\/license (Commercial License) Copyright 2022 Fonticons, Inc. --><path d=\"M64 0C28.7 0 0 28.7 0 64V448c0 35.3 28.7 64 64 64H320c35.3 0 64-28.7 64-64V160H256c-17.7 0-32-14.3-32-32V0H64zM256 0V128H384L256 0zM216 232V334.1l31-31c9.4-9.4 24.6-9.4 33.9 0s9.4 24.6 0 33.9l-72 72c-9.4 9.4-24.6 9.4-33.9 0l-72-72c-9.4-9.4-9.4-24.6 0-33.9s24.6-9.4 33.9 0l31 31V232c0-13.3 10.7-24 24-24s24 10.7 24 24z\"\/><\/svg>      <\/div>\n    <\/a>\n      <a class=\"c-file\" href=\"https:\/\/www.pieps.com\/wp-content\/uploads\/2022\/11\/doc_112804_pieps-dsp-sport-beacon.pdf\" target=\"_blank\">\n      <div class=\"c-file__title\">\n        DOC_112804_PIEPS DSP SPORT BEACON      <\/div>\n      <div class=\"c-file__icon-holder\">\n        <svg class=\"c-file__icon\" xmlns=\"http:\/\/www.w3.org\/2000\/svg\" viewBox=\"0 0 384 512\"><!--! Font Awesome Pro 6.2.0 by @fontawesome - https:\/\/fontawesome.com License - https:\/\/fontawesome.com\/license (Commercial License) Copyright 2022 Fonticons, Inc. --><path d=\"M64 0C28.7 0 0 28.7 0 64V448c0 35.3 28.7 64 64 64H320c35.3 0 64-28.7 64-64V160H256c-17.7 0-32-14.3-32-32V0H64zM256 0V128H384L256 0zM216 232V334.1l31-31c9.4-9.4 24.6-9.4 33.9 0s9.4 24.6 0 33.9l-72 72c-9.4 9.4-24.6 9.4-33.9 0l-72-72c-9.4-9.4-9.4-24.6 0-33.9s24.6-9.4 33.9 0l31 31V232c0-13.3 10.7-24 24-24s24 10.7 24 24z\"\/><\/svg>      <\/div>\n    <\/a>\n      <a class=\"c-file\" href=\"https:\/\/www.pieps.com\/wp-content\/uploads\/2022\/11\/doc_112771_pieps-dsp-pro-beacon.pdf\" target=\"_blank\">\n      <div class=\"c-file__title\">\n        DOC_112771_PIEPS DSP PRO BEACON      <\/div>\n      <div class=\"c-file__icon-holder\">\n        <svg class=\"c-file__icon\" xmlns=\"http:\/\/www.w3.org\/2000\/svg\" viewBox=\"0 0 384 512\"><!--! Font Awesome Pro 6.2.0 by @fontawesome - https:\/\/fontawesome.com License - https:\/\/fontawesome.com\/license (Commercial License) Copyright 2022 Fonticons, Inc. --><path d=\"M64 0C28.7 0 0 28.7 0 64V448c0 35.3 28.7 64 64 64H320c35.3 0 64-28.7 64-64V160H256c-17.7 0-32-14.3-32-32V0H64zM256 0V128H384L256 0zM216 232V334.1l31-31c9.4-9.4 24.6-9.4 33.9 0s9.4 24.6 0 33.9l-72 72c-9.4 9.4-24.6 9.4-33.9 0l-72-72c-9.4-9.4-9.4-24.6 0-33.9s24.6-9.4 33.9 0l31 31V232c0-13.3 10.7-24 24-24s24 10.7 24 24z\"\/><\/svg>      <\/div>\n    <\/a>\n      <a class=\"c-file\" href=\"https:\/\/www.pieps.com\/wp-content\/uploads\/2022\/11\/doc_110690_pieps-iprobe-ii-300.pdf\" target=\"_blank\">\n      <div class=\"c-file__title\">\n        DOC_110690_PIEPS iPROBE II 300      <\/div>\n      <div class=\"c-file__icon-holder\">\n        <svg class=\"c-file__icon\" xmlns=\"http:\/\/www.w3.org\/2000\/svg\" viewBox=\"0 0 384 512\"><!--! Font Awesome Pro 6.2.0 by @fontawesome - https:\/\/fontawesome.com License - https:\/\/fontawesome.com\/license (Commercial License) Copyright 2022 Fonticons, Inc. --><path d=\"M64 0C28.7 0 0 28.7 0 64V448c0 35.3 28.7 64 64 64H320c35.3 0 64-28.7 64-64V160H256c-17.7 0-32-14.3-32-32V0H64zM256 0V128H384L256 0zM216 232V334.1l31-31c9.4-9.4 24.6-9.4 33.9 0s9.4 24.6 0 33.9l-72 72c-9.4 9.4-24.6 9.4-33.9 0l-72-72c-9.4-9.4-9.4-24.6 0-33.9s24.6-9.4 33.9 0l31 31V232c0-13.3 10.7-24 24-24s24 10.7 24 24z\"\/><\/svg>      <\/div>\n    <\/a>\n      <a class=\"c-file\" href=\"https:\/\/www.pieps.com\/wp-content\/uploads\/2022\/11\/doc_110689_pieps-iprobe-ii-260.pdf\" target=\"_blank\">\n      <div class=\"c-file__title\">\n        DOC_110689_PIEPS iPROBE II 260      <\/div>\n      <div class=\"c-file__icon-holder\">\n        <svg class=\"c-file__icon\" xmlns=\"http:\/\/www.w3.org\/2000\/svg\" viewBox=\"0 0 384 512\"><!--! Font Awesome Pro 6.2.0 by @fontawesome - https:\/\/fontawesome.com License - https:\/\/fontawesome.com\/license (Commercial License) Copyright 2022 Fonticons, Inc. --><path d=\"M64 0C28.7 0 0 28.7 0 64V448c0 35.3 28.7 64 64 64H320c35.3 0 64-28.7 64-64V160H256c-17.7 0-32-14.3-32-32V0H64zM256 0V128H384L256 0zM216 232V334.1l31-31c9.4-9.4 24.6-9.4 33.9 0s9.4 24.6 0 33.9l-72 72c-9.4 9.4-24.6 9.4-33.9 0l-72-72c-9.4-9.4-9.4-24.6 0-33.9s24.6-9.4 33.9 0l31 31V232c0-13.3 10.7-24 24-24s24 10.7 24 24z\"\/><\/svg>      <\/div>\n    <\/a>\n      <a class=\"c-file\" href=\"https:\/\/www.pieps.com\/wp-content\/uploads\/2022\/11\/doc_110688_pieps-iprobe-ii-220.pdf\" target=\"_blank\">\n      <div class=\"c-file__title\">\n        DOC_110688_PIEPS iPROBE II 220      <\/div>\n      <div class=\"c-file__icon-holder\">\n        <svg class=\"c-file__icon\" xmlns=\"http:\/\/www.w3.org\/2000\/svg\" viewBox=\"0 0 384 512\"><!--! Font Awesome Pro 6.2.0 by @fontawesome - https:\/\/fontawesome.com License - https:\/\/fontawesome.com\/license (Commercial License) Copyright 2022 Fonticons, Inc. --><path d=\"M64 0C28.7 0 0 28.7 0 64V448c0 35.3 28.7 64 64 64H320c35.3 0 64-28.7 64-64V160H256c-17.7 0-32-14.3-32-32V0H64zM256 0V128H384L256 0zM216 232V334.1l31-31c9.4-9.4 24.6-9.4 33.9 0s9.4 24.6 0 33.9l-72 72c-9.4 9.4-24.6 9.4-33.9 0l-72-72c-9.4-9.4-9.4-24.6 0-33.9s24.6-9.4 33.9 0l31 31V232c0-13.3 10.7-24 24-24s24 10.7 24 24z\"\/><\/svg>      <\/div>\n    <\/a>\n      <a class=\"c-file\" href=\"https:\/\/www.pieps.com\/wp-content\/uploads\/2022\/11\/doc_110050_pieps-30plus-xt.pdf\" target=\"_blank\">\n      <div class=\"c-file__title\">\n        DOC_110050_PIEPS 30\u00b0PLUS XT      <\/div>\n      <div class=\"c-file__icon-holder\">\n        <svg class=\"c-file__icon\" xmlns=\"http:\/\/www.w3.org\/2000\/svg\" viewBox=\"0 0 384 512\"><!--! Font Awesome Pro 6.2.0 by @fontawesome - https:\/\/fontawesome.com License - https:\/\/fontawesome.com\/license (Commercial License) Copyright 2022 Fonticons, Inc. --><path d=\"M64 0C28.7 0 0 28.7 0 64V448c0 35.3 28.7 64 64 64H320c35.3 0 64-28.7 64-64V160H256c-17.7 0-32-14.3-32-32V0H64zM256 0V128H384L256 0zM216 232V334.1l31-31c9.4-9.4 24.6-9.4 33.9 0s9.4 24.6 0 33.9l-72 72c-9.4 9.4-24.6 9.4-33.9 0l-72-72c-9.4-9.4-9.4-24.6 0-33.9s24.6-9.4 33.9 0l31 31V232c0-13.3 10.7-24 24-24s24 10.7 24 24z\"\/><\/svg>      <\/div>\n    <\/a>\n    <\/section>\n<\/div><\/div>","protected":false},"excerpt":{"rendered":"","protected":false},"author":3,"featured_media":0,"parent":0,"menu_order":0,"comment_status":"closed","ping_status":"closed","template":"","meta":{"_acf_changed":false,"inline_featured_image":false,"footnotes":""},"class_list":["post-8758","page","type-page","status-publish","hentry"],"acf":[],"_links":{"self":[{"href":"https:\/\/www.pieps.com\/fr\/wp-json\/wp\/v2\/pages\/8758","targetHints":{"allow":["GET"]}}],"collection":[{"href":"https:\/\/www.pieps.com\/fr\/wp-json\/wp\/v2\/pages"}],"about":[{"href":"https:\/\/www.pieps.com\/fr\/wp-json\/wp\/v2\/types\/page"}],"author":[{"embeddable":true,"href":"https:\/\/www.pieps.com\/fr\/wp-json\/wp\/v2\/users\/3"}],"replies":[{"embeddable":true,"href":"https:\/\/www.pieps.com\/fr\/wp-json\/wp\/v2\/comments?post=8758"}],"version-history":[{"count":2,"href":"https:\/\/www.pieps.com\/fr\/wp-json\/wp\/v2\/pages\/8758\/revisions"}],"predecessor-version":[{"id":8761,"href":"https:\/\/www.pieps.com\/fr\/wp-json\/wp\/v2\/pages\/8758\/revisions\/8761"}],"wp:attachment":[{"href":"https:\/\/www.pieps.com\/fr\/wp-json\/wp\/v2\/media?parent=8758"}],"curies":[{"name":"wp","href":"https:\/\/api.w.org\/{rel}","templated":true}]}}