{"id":8753,"date":"2022-11-02T18:35:53","date_gmt":"2022-11-02T17:35:53","guid":{"rendered":"https:\/\/www.pieps.com\/service\/"},"modified":"2026-04-28T13:11:05","modified_gmt":"2026-04-28T11:11:05","slug":"service","status":"publish","type":"page","link":"https:\/\/www.pieps.com\/fr\/service\/","title":{"rendered":"Service"},"content":{"rendered":"<div class=\"l-container\">\n<p><\/p>\n<\/div><!--CORE: l-container-->\n\n<div class=\"l-container\"><div class=\"l-gutenberg-block u-padding-bottom-30\">\n<div id=\"cta-block_e60f57f513bbdc0c8eef552592b41044\" class=\"c-cta    c-cta__image--1\">\n  <div class=\"c-cta__image-holder\">\n    <img loading=\"lazy\" decoding=\"async\" width=\"1600\" height=\"1067\" src=\"https:\/\/www.pieps.com\/wp-content\/uploads\/2022\/11\/js_200308_pieps_01342.jpg\" class=\"c-cta__image\" alt=\"\" srcset=\"https:\/\/www.pieps.com\/wp-content\/uploads\/2022\/11\/js_200308_pieps_01342.jpg 1600w, https:\/\/www.pieps.com\/wp-content\/uploads\/2022\/11\/js_200308_pieps_01342-300x200.jpg 300w, https:\/\/www.pieps.com\/wp-content\/uploads\/2022\/11\/js_200308_pieps_01342-768x512.jpg 768w, https:\/\/www.pieps.com\/wp-content\/uploads\/2022\/11\/js_200308_pieps_01342-1024x683.jpg 1024w, https:\/\/www.pieps.com\/wp-content\/uploads\/2022\/11\/js_200308_pieps_01342-1536x1024.jpg 1536w, https:\/\/www.pieps.com\/wp-content\/uploads\/2022\/11\/js_200308_pieps_01342-400x267.jpg 400w, https:\/\/www.pieps.com\/wp-content\/uploads\/2022\/11\/js_200308_pieps_01342-600x400.jpg 600w\" sizes=\"auto, (max-width: 1600px) 100vw, 1600px\" \/>  <\/div>\n\n  <div class=\"c-cta__content\">\n    <div class=\"c-cta__title\">\n      <h1 class=\"\">CONNEXION AU PORTAIL SERVICE<\/h1>    <\/div>\n        <div class=\"c-cta__text\">\n      <p>&nbsp;<\/p>\n<table style=\"height: 279px;\" width=\"771\">\n<tbody>\n<tr>\n<td width=\"302\">&nbsp;<\/p>\n<p><strong>FONCTIONNALIT\u00c9S \u00c9TENDUES POUR LES CENTRES DE SERVICE PIEPS :<\/strong><\/p>\n<ul>\n<li>R\u00e9alisation des mises \u00e0 jour logicielles<\/li>\n<li>Activation ou d\u00e9sactivation de la fonction Auto-Revert<\/li>\n<li>R\u00e9alisation des contr\u00f4les des appareils<\/li>\n<li>Gestion de flotte<\/li>\n<li>Gestion des r\u00e9clamations<\/li>\n<\/ul>\n<p>&nbsp;<\/td>\n<td width=\"302\"><strong>LES AVANTAGES POUR LES CONSOMMATEURS ET LES MAGASINS :<\/strong><\/p>\n<ul>\n<li>Enregistrement des appareils<\/li>\n<li>Extension de garantie<\/li>\n<li>Informations sur les mises \u00e0 jour logicielles actuelles<\/li>\n<li>Service des appareils<\/li>\n<\/ul>\n<p>&nbsp;<\/td>\n<\/tr>\n<\/tbody>\n<\/table>\n    <\/div>\n    \n    <div class=\"c-cta__button-holder\">\n              <a class=\"o-button o-button--white o-button--hover-secondary\" href=\"http:\/\/my.pieps.com\/\" target=\"\">\n          <span class=\"o-button__text\">\n            SE CONNECTER          <\/span>\n        <\/a>\n          <\/div>\n  <\/div>\n<\/div>\n<\/div><\/div>\n\n<div class=\"l-container\"><div class=\"l-gutenberg-block u-padding-top-30 u-padding-bottom-30\"><section id=\"app-block_bdfd4ebb87e9cdced1b2a365e67befe1\" class=\"c-app \">\n  <div class=\"l-container c-app__inner\">\n    <div class=\"l-row c-app__row\">\n      <div class=\"l-col l-col-5 l-col-offset-1 l-col-xl-12 l-col-offset-xl-no c-app__content-col\">\n        <div class=\"c-app__title\"><h1 class=\"\">Mise \u00e0 jour importante du firmware pour Jetforce BT (COMMUNICATION DE 2022)<\/h1><\/div>\n\n                  <div class=\"c-app__text c-wysiwyg\"><p>&nbsp;<\/p>\n<p>Mise \u00e0 jour du firmware : version 2.2<\/p>\n<p>Cette mise \u00e0 jour <strong>r\u00e9duit les interf\u00e9rences potentielles<\/strong> pouvant \u00eatre caus\u00e9es par l\u2019\u00e9lectronique du Jetforce BT et susceptibles d\u2019affecter la recherche DVA.<\/p>\n<p>Les interf\u00e9rences possibles \u00e0 proximit\u00e9 du Jetforce BT sont comparables \u00e0 celles de tout autre appareil \u00e9lectronique (t\u00e9l\u00e9phone, cam\u00e9ra, GPS, montre connect\u00e9e, etc.). Veuillez respecter les distances minimales recommand\u00e9es entre le DVA et les appareils \u00e9lectroniques, comme indiqu\u00e9 dans le mode d\u2019emploi.<\/p>\n<p>Pour effectuer la mise \u00e0 jour du firmware, veuillez installer la derni\u00e8re version de l\u2019application PIEPS depuis l\u2019App Store ou Google Play Store sur votre smartphone. Connectez votre Jetforce \u00e0 l\u2019application pour lancer la mise \u00e0 jour.<\/p>\n<p>(COMMUNICATION DE 2022)<\/p>\n<\/div>\n        \n        <div class=\"c-app__buttons\">\n                      <a class=\"o-button o-button--white o-button--hover-secondary\" href=\"https:\/\/apps.apple.com\/at\/app\/pieps\/id1148014050?l=en\" target=\"_blank\">\n              <span class=\"o-button__text\">T\u00e9l\u00e9charger pour iOS<\/span>\n            <\/a>\n          \n                      <a class=\"o-button o-button--white o-button--hover-secondary\" href=\"https:\/\/play.google.com\/store\/apps\/details?id=com.pieps.app&#038;hl=de_AT&#038;gl=US\" target=\"_blank\">\n              <span class=\"o-button__text\">T\u00e9l\u00e9charger pour Android<\/span>\n            <\/a>\n                  <\/div>\n      <\/div>\n      <div class=\"l-col l-col-6 l-col--align-middle l-col-xl-12 l-col--first-xl\">\n        <div class=\"c-app__circles\">\n          <?xml version=\"1.0\" encoding=\"UTF-8\"?><svg id=\"a\" xmlns=\"http:\/\/www.w3.org\/2000\/svg\" xmlns:xlink=\"http:\/\/www.w3.org\/1999\/xlink\" viewBox=\"0 0 387.96 299.55\"><defs><style>.c,.d{fill:none;}.d{stroke:#fad50a;stroke-miterlimit:10;}.e{clip-path:url(#b);}<\/style><clipPath id=\"b\"><rect class=\"c\" x=\"-15\" y=\"-12.89\" width=\"398.68\" height=\"337.44\"\/><\/clipPath><\/defs><g class=\"e\"><g><path class=\"d\" d=\"M300.61-12.32c-2.29,41.59-12.45,82.42-29.98,120.42C216.11,226.99,101.43,299.43-15,300.55\"\/><path class=\"d\" d=\"M340.2-12.89c.16,46.49-9.87,92.48-29.41,134.9C251.45,251.44,117.56,322.07-14.17,308.25\"\/><path class=\"d\" d=\"M383.07-12.29c1.83,50.02-8.17,99.79-29.24,145.45C288.13,276.5,131.05,350.96-13.93,315.36\"\/><\/g><\/g><\/svg>        <\/div>\n        <div class=\"c-app__app-container\">\n                    <img loading=\"lazy\" decoding=\"async\" width=\"1900\" height=\"2050\" src=\"https:\/\/www.pieps.com\/wp-content\/uploads\/2022\/07\/jetforce_bt_25_gezogen_rgb.png\" class=\"c-app__app-image\" alt=\"\" srcset=\"https:\/\/www.pieps.com\/wp-content\/uploads\/2022\/07\/jetforce_bt_25_gezogen_rgb.png 1900w, https:\/\/www.pieps.com\/wp-content\/uploads\/2022\/07\/jetforce_bt_25_gezogen_rgb-278x300.png 278w, https:\/\/www.pieps.com\/wp-content\/uploads\/2022\/07\/jetforce_bt_25_gezogen_rgb-768x829.png 768w, https:\/\/www.pieps.com\/wp-content\/uploads\/2022\/07\/jetforce_bt_25_gezogen_rgb-949x1024.png 949w, https:\/\/www.pieps.com\/wp-content\/uploads\/2022\/07\/jetforce_bt_25_gezogen_rgb-1424x1536.png 1424w, https:\/\/www.pieps.com\/wp-content\/uploads\/2022\/07\/jetforce_bt_25_gezogen_rgb-1898x2048.png 1898w, https:\/\/www.pieps.com\/wp-content\/uploads\/2022\/07\/jetforce_bt_25_gezogen_rgb-371x400.png 371w, https:\/\/www.pieps.com\/wp-content\/uploads\/2022\/07\/jetforce_bt_25_gezogen_rgb-600x647.png 600w\" sizes=\"auto, (max-width: 1900px) 100vw, 1900px\" \/>        <\/div>\n      <\/div>\n    <\/div>\n  <\/div>\n<\/section>\n<\/div><\/div>\n\n<div class=\"l-container\"><div class=\"l-gutenberg-block \">\n<div id=\"cta-block_7e2ac3854c547cfaa72eb798da277580\" class=\"c-cta  c-cta__image-right  c-cta__image--1\">\n  <div class=\"c-cta__image-holder\">\n    <img loading=\"lazy\" decoding=\"async\" width=\"1600\" height=\"1067\" src=\"https:\/\/www.pieps.com\/wp-content\/uploads\/2022\/11\/js_200308_pieps_01403.jpg\" class=\"c-cta__image\" alt=\"\" srcset=\"https:\/\/www.pieps.com\/wp-content\/uploads\/2022\/11\/js_200308_pieps_01403.jpg 1600w, https:\/\/www.pieps.com\/wp-content\/uploads\/2022\/11\/js_200308_pieps_01403-300x200.jpg 300w, https:\/\/www.pieps.com\/wp-content\/uploads\/2022\/11\/js_200308_pieps_01403-768x512.jpg 768w, https:\/\/www.pieps.com\/wp-content\/uploads\/2022\/11\/js_200308_pieps_01403-1024x683.jpg 1024w, https:\/\/www.pieps.com\/wp-content\/uploads\/2022\/11\/js_200308_pieps_01403-1536x1024.jpg 1536w, https:\/\/www.pieps.com\/wp-content\/uploads\/2022\/11\/js_200308_pieps_01403-400x267.jpg 400w, https:\/\/www.pieps.com\/wp-content\/uploads\/2022\/11\/js_200308_pieps_01403-600x400.jpg 600w\" sizes=\"auto, (max-width: 1600px) 100vw, 1600px\" \/>  <\/div>\n\n  <div class=\"c-cta__content\">\n    <div class=\"c-cta__title\">\n      <h1 class=\"\">IMPORTANT : V\u00c9RIFICATION DE VOTRE DVA (COMMUNICATION DE 2020)<\/h1>    <\/div>\n        <div class=\"c-cta__text\">\n      <p>Nous avons identifi\u00e9 un dysfonctionnement \u00e9lectronique sur un nombre limit\u00e9 d\u2019appareils. Dans ce cas, l\u2019appareil peut ne pas passer du mode \u00e9mission au mode recherche. Veuillez suivre le lien pour plus d\u2019informations.<\/p>\n<p>(COMMUNICATION DE 2020)<\/p>\n    <\/div>\n    \n    <div class=\"c-cta__button-holder\">\n              <a class=\"o-button o-button--white o-button--hover-secondary\" href=\"https:\/\/www.pieps.com\/safety-check-mode-failure\/\" target=\"\">\n          <span class=\"o-button__text\">\n            PIEPS SAFETY CHECK          <\/span>\n        <\/a>\n          <\/div>\n  <\/div>\n<\/div>\n<\/div><\/div>\n\n<div class=\"l-container\">\n<p><\/p>\n<\/div><!--CORE: l-container-->\n\n<div class=\"l-container\"><div class=\"l-gutenberg-block u-padding-bottom-30\">\n<div id=\"cta-block_c3e341687ca77a5f26e6e261fb834a70\" class=\"c-cta    c-cta__image--1\">\n  <div class=\"c-cta__image-holder\">\n    <img loading=\"lazy\" decoding=\"async\" width=\"977\" height=\"814\" src=\"https:\/\/www.pieps.com\/wp-content\/uploads\/2022\/11\/dsp-austausch.jpg\" class=\"c-cta__image\" alt=\"\" srcset=\"https:\/\/www.pieps.com\/wp-content\/uploads\/2022\/11\/dsp-austausch.jpg 977w, https:\/\/www.pieps.com\/wp-content\/uploads\/2022\/11\/dsp-austausch-300x250.jpg 300w, https:\/\/www.pieps.com\/wp-content\/uploads\/2022\/11\/dsp-austausch-768x640.jpg 768w, https:\/\/www.pieps.com\/wp-content\/uploads\/2022\/11\/dsp-austausch-400x333.jpg 400w, https:\/\/www.pieps.com\/wp-content\/uploads\/2022\/11\/dsp-austausch-600x500.jpg 600w\" sizes=\"auto, (max-width: 977px) 100vw, 977px\" \/>  <\/div>\n\n  <div class=\"c-cta__content\">\n    <div class=\"c-cta__title\">\n      <h1 class=\"\">PIEPS DSP \u2013 mesure volontaire d\u2019am\u00e9lioration du produit ( (COMMUNICATION DE 2020)<\/h1>    <\/div>\n        <div class=\"c-cta__text\">\n      <p>Mesure volontaire d\u2019am\u00e9lioration du produit visant \u00e0 renforcer la s\u00e9curit\u00e9 des DVA de la s\u00e9rie DSP. Suivez le lien ci-dessous pour obtenir un nouveau syst\u00e8me de portage pour votre appareil DSP.<\/p>\n    <\/div>\n    \n    <div class=\"c-cta__button-holder\">\n              <a class=\"o-button o-button--white o-button--hover-secondary\" href=\"https:\/\/www.pieps.com\/dsp\/?lang=de\" target=\"\">\n          <span class=\"o-button__text\">\n            \u00c9change du syst\u00e8me de portage DSP          <\/span>\n        <\/a>\n          <\/div>\n  <\/div>\n<\/div>\n<\/div><\/div>","protected":false},"excerpt":{"rendered":"","protected":false},"author":3,"featured_media":0,"parent":0,"menu_order":0,"comment_status":"closed","ping_status":"closed","template":"","meta":{"_acf_changed":false,"inline_featured_image":false,"footnotes":""},"class_list":["post-8753","page","type-page","status-publish","hentry"],"acf":[],"_links":{"self":[{"href":"https:\/\/www.pieps.com\/fr\/wp-json\/wp\/v2\/pages\/8753","targetHints":{"allow":["GET"]}}],"collection":[{"href":"https:\/\/www.pieps.com\/fr\/wp-json\/wp\/v2\/pages"}],"about":[{"href":"https:\/\/www.pieps.com\/fr\/wp-json\/wp\/v2\/types\/page"}],"author":[{"embeddable":true,"href":"https:\/\/www.pieps.com\/fr\/wp-json\/wp\/v2\/users\/3"}],"replies":[{"embeddable":true,"href":"https:\/\/www.pieps.com\/fr\/wp-json\/wp\/v2\/comments?post=8753"}],"version-history":[{"count":2,"href":"https:\/\/www.pieps.com\/fr\/wp-json\/wp\/v2\/pages\/8753\/revisions"}],"predecessor-version":[{"id":8757,"href":"https:\/\/www.pieps.com\/fr\/wp-json\/wp\/v2\/pages\/8753\/revisions\/8757"}],"wp:attachment":[{"href":"https:\/\/www.pieps.com\/fr\/wp-json\/wp\/v2\/media?parent=8753"}],"curies":[{"name":"wp","href":"https:\/\/api.w.org\/{rel}","templated":true}]}}