{"id":2070,"date":"2022-05-18T18:49:34","date_gmt":"2022-05-18T16:49:34","guid":{"rendered":"https:\/\/www.pieps.com\/products\/"},"modified":"2022-11-28T10:08:31","modified_gmt":"2022-11-28T09:08:31","slug":"products","status":"publish","type":"page","link":"https:\/\/www.pieps.com\/en\/products\/","title":{"rendered":"products"},"content":{"rendered":"<div class=\"l-container\"><div class=\"l-gutenberg-block u-padding-top-mobile-like desktop u-padding-bottom-75 u-padding-bottom-m-like desktop\">\n<div id=\"category-slider-block_1c7871f372639e1afe5ac2c7697d4107\" class=\"c-category-slider \">\n\n  <div class=\"c-category-slider__title\">\n    <h1 class=\"\">products<\/h1>  <\/div>\n\n  <div class=\"c-category-slider__subtitle\">\n      <\/div>\n\n  <div class=\"c-category-slider__inner\">\n          <div class=\"c-category-slider__swiper-wrapper\">\n        <!-- Swiper -->\n        <div class=\"swiper c-slider__swiper js-category-slider\">\n          <div class=\"swiper-wrapper\">\n\n                          <div class=\"swiper-slide c-category-slider__slide\">\n                <a class=\"c-category-slider__link\" href=\"https:\/\/www.pieps.com\/en\/avalanche-backpacks\/\">\n                  <div class=\"c-category-slider__image-holder\">\n                    <img loading=\"lazy\" decoding=\"async\" width=\"330\" height=\"420\" src=\"https:\/\/www.pieps.com\/wp-content\/uploads\/2022\/05\/lawinen-330x420.jpg\" class=\"c-category-slider__image\" alt=\"\" \/>                  <\/div>\n                  <div class=\"c-category-slider__text\">\n                    <div class=\"c-category-slider__pre-title\">\n                      PIEPS                    <\/div>\n                    <div class=\"c-category-slider__slide-title\">\n                      Lawinenrucks\u00e4cke                    <\/div>\n                  <\/div>\n                                    <div class=\"c-category-slider__slide-description\">\n                    Mehr Schutz, mehr Sicherheit \u2013 unsere beliebten JetForce Lawinenrucks\u00e4cke bieten modernste Airbag-Technologie und maximieren die \u00dcberlebenschancen im Ernstfall. Wiederaufladbar, robust und mit intelligenten Funktionen wie automatischer Luftabsaugung und intuitiver Systemsteuerung direkt am Ausl\u00f6segriff ausgestattet, setzen sie den Ma\u00dfstab in Sachen Benutzerfreundlichkeit, Technologie und Sicherheit f\u00fcr Lawinenrucks\u00e4cke.                  <\/div>\n                                  <\/a>\n              <\/div>\n                          <div class=\"swiper-slide c-category-slider__slide\">\n                <a class=\"c-category-slider__link\" href=\"https:\/\/www.pieps.com\/en\/avalanche-shovels\/\">\n                  <div class=\"c-category-slider__image-holder\">\n                    <img loading=\"lazy\" decoding=\"async\" width=\"330\" height=\"420\" src=\"https:\/\/www.pieps.com\/wp-content\/uploads\/2022\/05\/schaufeln-330x420.jpg\" class=\"c-category-slider__image\" alt=\"\" \/>                  <\/div>\n                  <div class=\"c-category-slider__text\">\n                    <div class=\"c-category-slider__pre-title\">\n                      PIEPS                    <\/div>\n                    <div class=\"c-category-slider__slide-title\">\n                      Lawinenschaufeln                    <\/div>\n                  <\/div>\n                                    <div class=\"c-category-slider__slide-description\">\n                    Leicht, stabil und leistungsstark \u2013 mit einer PIEPS Lawinenschaufel kannst du in einer Notfallsituation schnell handeln. Ergonomische Griffe und durchdachte Designs gew\u00e4hrleisten maximale Effizienz beim Schaufeln.                  <\/div>\n                                  <\/a>\n              <\/div>\n                          <div class=\"swiper-slide c-category-slider__slide\">\n                <a class=\"c-category-slider__link\" href=\"https:\/\/www.pieps.com\/en\/avalanche-beacons\/\">\n                  <div class=\"c-category-slider__image-holder\">\n                    <img loading=\"lazy\" decoding=\"async\" width=\"330\" height=\"420\" src=\"https:\/\/www.pieps.com\/wp-content\/uploads\/2024\/02\/bild-2-e1707208309556-330x420.jpg\" class=\"c-category-slider__image\" alt=\"\" \/>                  <\/div>\n                  <div class=\"c-category-slider__text\">\n                    <div class=\"c-category-slider__pre-title\">\n                      PIEPS                    <\/div>\n                    <div class=\"c-category-slider__slide-title\">\n                      LVS-Ger\u00e4te                    <\/div>\n                  <\/div>\n                                    <div class=\"c-category-slider__slide-description\">\n                    Maximale Sicherheit im Gel\u00e4nde. LVS-Ger\u00e4te von PIEPS bieten pr\u00e4zise Ortung, intuitive Bedienung und modernste Technologie f\u00fcr eine schnelle Rettung im Ernstfall. Entwickelt f\u00fcr Profis und Einsteiger, sind unsere LVS-Ger\u00e4te bekannt f\u00fcr beste Performance, Signalstabilit\u00e4t und dem besten Umgang mit Geistersignalen. Mit dem innovativen PIEPS Interference Protection System (IPS) stehen unsere Ger\u00e4te f\u00fcr h\u00f6chste Zuverl\u00e4ssigkeit, in selbst anspruchsvollsten Umgebungen.                  <\/div>\n                                  <\/a>\n              <\/div>\n                          <div class=\"swiper-slide c-category-slider__slide\">\n                <a class=\"c-category-slider__link\" href=\"https:\/\/www.pieps.com\/en\/avalancheprobes\/\">\n                  <div class=\"c-category-slider__image-holder\">\n                    <img loading=\"lazy\" decoding=\"async\" width=\"328\" height=\"420\" src=\"https:\/\/www.pieps.com\/wp-content\/uploads\/2022\/05\/probes.jpg\" class=\"c-category-slider__image\" alt=\"\" srcset=\"https:\/\/www.pieps.com\/wp-content\/uploads\/2022\/05\/probes.jpg 328w, https:\/\/www.pieps.com\/wp-content\/uploads\/2022\/05\/probes-234x300.jpg 234w, https:\/\/www.pieps.com\/wp-content\/uploads\/2022\/05\/probes-312x400.jpg 312w\" sizes=\"auto, (max-width: 328px) 100vw, 328px\" \/>                  <\/div>\n                  <div class=\"c-category-slider__text\">\n                    <div class=\"c-category-slider__pre-title\">\n                      PIEPS                    <\/div>\n                    <div class=\"c-category-slider__slide-title\">\n                      Lawinensonden                    <\/div>\n                  <\/div>\n                                    <div class=\"c-category-slider__slide-description\">\n                    Unsere Lawinensonden bieten f\u00fcr jede Anforderung die passende L\u00f6sung. Egal, ob du eine besonders robuste Alu-Sonde, eine leichte und zuverl\u00e4ssige Carbon-Sonde, eine ultra-leicht Sonde f\u00fcr Wettk\u00e4mpfe oder die n\u00e4chste Generation von Lawinensonden, die digitale iPROBE bevorzugst \u2013 wir haben f\u00fcr jeden die richtige Sonde.                  <\/div>\n                                  <\/a>\n              <\/div>\n                      <\/div>\n        <\/div>\n\n        <div class=\"swiper-pagination c-category-slider__pagination js-category-slider-pagination\"><\/div>\n\n        <div class=\"swiper-button-prev c-category-slider--prev js-category-slider--prev\">\n          <svg xmlns=\"http:\/\/www.w3.org\/2000\/svg\" width=\"31.189\" height=\"60.232\" viewBox=\"0 0 31.189 60.232\"><path d=\"M3.166,4.288c0-.027.014-.078.014-.1s-.014-.078-.014-.1c0-4.609,3.213-16.184,8.873-30.01C-7.037-14.508-19.15.364-19.15,4.14c0,.01.013.033.013.043s-.013.034-.013.044C-19.15,8-7.037,22.874,12.039,34.3,6.379,20.473,3.166,8.9,3.166,4.288\" transform=\"translate(19.15 25.932)\" fill=\"#ffd938\"\/><\/svg>        <\/div>\n        <div class=\"swiper-button-next c-category-slider--next js-category-slider--next\">\n          <svg xmlns=\"http:\/\/www.w3.org\/2000\/svg\" width=\"31.189\" height=\"60.232\" viewBox=\"0 0 31.189 60.232\"><path d=\"M3.166,4.288c0-.027.014-.078.014-.1s-.014-.078-.014-.1c0-4.609,3.213-16.184,8.873-30.01C-7.037-14.508-19.15.364-19.15,4.14c0,.01.013.033.013.043s-.013.034-.013.044C-19.15,8-7.037,22.874,12.039,34.3,6.379,20.473,3.166,8.9,3.166,4.288\" transform=\"translate(19.15 25.932)\" fill=\"#ffd938\"\/><\/svg>        <\/div>\n      <\/div>\n    \n  <\/div>\n<\/div>\n<\/div><\/div>","protected":false},"excerpt":{"rendered":"","protected":false},"author":1,"featured_media":0,"parent":0,"menu_order":0,"comment_status":"closed","ping_status":"closed","template":"","meta":{"_acf_changed":false,"inline_featured_image":false,"footnotes":""},"class_list":["post-2070","page","type-page","status-publish","hentry"],"acf":[],"_links":{"self":[{"href":"https:\/\/www.pieps.com\/en\/wp-json\/wp\/v2\/pages\/2070","targetHints":{"allow":["GET"]}}],"collection":[{"href":"https:\/\/www.pieps.com\/en\/wp-json\/wp\/v2\/pages"}],"about":[{"href":"https:\/\/www.pieps.com\/en\/wp-json\/wp\/v2\/types\/page"}],"author":[{"embeddable":true,"href":"https:\/\/www.pieps.com\/en\/wp-json\/wp\/v2\/users\/1"}],"replies":[{"embeddable":true,"href":"https:\/\/www.pieps.com\/en\/wp-json\/wp\/v2\/comments?post=2070"}],"version-history":[{"count":3,"href":"https:\/\/www.pieps.com\/en\/wp-json\/wp\/v2\/pages\/2070\/revisions"}],"predecessor-version":[{"id":2159,"href":"https:\/\/www.pieps.com\/en\/wp-json\/wp\/v2\/pages\/2070\/revisions\/2159"}],"wp:attachment":[{"href":"https:\/\/www.pieps.com\/en\/wp-json\/wp\/v2\/media?parent=2070"}],"curies":[{"name":"wp","href":"https:\/\/api.w.org\/{rel}","templated":true}]}}